{"id":153674,"date":"2025-03-21T17:18:58","date_gmt":"2025-03-21T16:18:58","guid":{"rendered":"https:\/\/norwikpower.com\/prodotti\/sin%20categor\u00eda\/qb80\/"},"modified":"2025-03-21T16:07:35","modified_gmt":"2025-03-21T15:07:35","slug":"qb80","status":"publish","type":"product","link":"https:\/\/norwikpower.com\/es\/productos\/bombas\/perifericas\/qb80\/","title":{"rendered":"QB80"},"content":{"rendered":"","protected":false},"excerpt":{"rendered":"<p>Las bombas perif\u00e9ricas son ideales para bombear agua limpia<br \/>\nEst\u00e1n especialmente indicadas para aplicaciones dom\u00e9sticas como la aspiraci\u00f3n de agua de pozos, piscinas, etc.<br \/>\nTambi\u00e9n son adecuadas cuando es necesario aumentar la presi\u00f3n del agua, para jardiner\u00eda y para sistemas autom\u00e1ticos de bombeo de agua cuando se combinan con otros equipos.<\/p>\n","protected":false},"featured_media":156930,"comment_status":"closed","ping_status":"open","template":"","meta":{"_acf_changed":false},"product_cat":[1439,1440],"product_tag":[],"class_list":{"0":"post-153674","1":"product","2":"type-product","3":"status-publish","4":"has-post-thumbnail","6":"product_cat-bombas","7":"product_cat-perifericas","8":"pa_portata-60-l-min-es","9":"pa_potenza-massima-0-75-kw-es","10":"pa_prevalenza-55-m-es","12":"first","13":"instock","14":"product-type-simple"},"acf":[],"_links":{"self":[{"href":"https:\/\/norwikpower.com\/es\/wp-json\/wp\/v2\/product\/153674"}],"collection":[{"href":"https:\/\/norwikpower.com\/es\/wp-json\/wp\/v2\/product"}],"about":[{"href":"https:\/\/norwikpower.com\/es\/wp-json\/wp\/v2\/types\/product"}],"replies":[{"embeddable":true,"href":"https:\/\/norwikpower.com\/es\/wp-json\/wp\/v2\/comments?post=153674"}],"version-history":[{"count":0,"href":"https:\/\/norwikpower.com\/es\/wp-json\/wp\/v2\/product\/153674\/revisions"}],"wp:featuredmedia":[{"embeddable":true,"href":"https:\/\/norwikpower.com\/es\/wp-json\/wp\/v2\/media\/156930"}],"wp:attachment":[{"href":"https:\/\/norwikpower.com\/es\/wp-json\/wp\/v2\/media?parent=153674"}],"wp:term":[{"taxonomy":"product_cat","embeddable":true,"href":"https:\/\/norwikpower.com\/es\/wp-json\/wp\/v2\/product_cat?post=153674"},{"taxonomy":"product_tag","embeddable":true,"href":"https:\/\/norwikpower.com\/es\/wp-json\/wp\/v2\/product_tag?post=153674"}],"curies":[{"name":"wp","href":"https:\/\/api.w.org\/{rel}","templated":true}]}}