{"id":153686,"date":"2025-03-21T17:19:21","date_gmt":"2025-03-21T16:19:21","guid":{"rendered":"https:\/\/norwikpower.com\/prodotti\/sin%20categor\u00eda\/hfm-7b\/"},"modified":"2025-03-21T16:07:43","modified_gmt":"2025-03-21T15:07:43","slug":"hfm-7b","status":"publish","type":"product","link":"https:\/\/norwikpower.com\/es\/productos\/bombas\/centrifugas\/hfm-7b\/","title":{"rendered":"HFM-7B"},"content":{"rendered":"","protected":false},"excerpt":{"rendered":"<p>Las bombas centr\u00edfugas son indicadas tanto para aplicaciones dom\u00e9sticas como industriales. Se utilizan para transportar l\u00edquidos limpios y fluidos qu\u00edmicos no agresivos. Estas bombas se caracterizan por su baja altura y alto caudal.<\/p>\n","protected":false},"featured_media":156978,"comment_status":"closed","ping_status":"open","template":"","meta":{"_acf_changed":false},"product_cat":[1439,1443],"product_tag":[],"class_list":{"0":"post-153686","1":"product","2":"type-product","3":"status-publish","4":"has-post-thumbnail","6":"product_cat-bombas","7":"product_cat-centrifugas","8":"pa_portata-1300-l-min-es","9":"pa_potenza-massima-3-kw-es","10":"pa_prevalenza-22-m-es","12":"first","13":"instock","14":"product-type-simple"},"acf":[],"_links":{"self":[{"href":"https:\/\/norwikpower.com\/es\/wp-json\/wp\/v2\/product\/153686"}],"collection":[{"href":"https:\/\/norwikpower.com\/es\/wp-json\/wp\/v2\/product"}],"about":[{"href":"https:\/\/norwikpower.com\/es\/wp-json\/wp\/v2\/types\/product"}],"replies":[{"embeddable":true,"href":"https:\/\/norwikpower.com\/es\/wp-json\/wp\/v2\/comments?post=153686"}],"version-history":[{"count":0,"href":"https:\/\/norwikpower.com\/es\/wp-json\/wp\/v2\/product\/153686\/revisions"}],"wp:featuredmedia":[{"embeddable":true,"href":"https:\/\/norwikpower.com\/es\/wp-json\/wp\/v2\/media\/156978"}],"wp:attachment":[{"href":"https:\/\/norwikpower.com\/es\/wp-json\/wp\/v2\/media?parent=153686"}],"wp:term":[{"taxonomy":"product_cat","embeddable":true,"href":"https:\/\/norwikpower.com\/es\/wp-json\/wp\/v2\/product_cat?post=153686"},{"taxonomy":"product_tag","embeddable":true,"href":"https:\/\/norwikpower.com\/es\/wp-json\/wp\/v2\/product_tag?post=153686"}],"curies":[{"name":"wp","href":"https:\/\/api.w.org\/{rel}","templated":true}]}}