{"id":153700,"date":"2025-03-21T17:19:49","date_gmt":"2025-03-21T16:19:49","guid":{"rendered":"https:\/\/norwikpower.com\/prodotti\/sin%20categor\u00eda\/cm8\/"},"modified":"2025-03-21T16:07:51","modified_gmt":"2025-03-21T15:07:51","slug":"cm8","status":"publish","type":"product","link":"https:\/\/norwikpower.com\/es\/productos\/bombas\/multietapas-horizontales\/cm8\/","title":{"rendered":"CM8"},"content":{"rendered":"","protected":false},"excerpt":{"rendered":"<p>Las bombas multietapas horizontales son adecuadas para el suministro de agua dom\u00e9stica, la presurizaci\u00f3n de tuber\u00edas, el riego de jardines, invernaderos de hortalizas, piscifactor\u00edas y avicultura, la industria y la miner\u00eda, el suministro de agua de edificios de gran altura y los sistemas de circulaci\u00f3n de calefacci\u00f3n central.<\/p>\n","protected":false},"featured_media":157034,"comment_status":"closed","ping_status":"open","template":"","meta":{"_acf_changed":false},"product_cat":[1439,1454],"product_tag":[],"class_list":{"0":"post-153700","1":"product","2":"type-product","3":"status-publish","4":"has-post-thumbnail","6":"product_cat-bombas","7":"product_cat-multietapas-horizontales","8":"pa_portata-8-m-h-es","10":"first","11":"instock","12":"product-type-simple"},"acf":[],"_links":{"self":[{"href":"https:\/\/norwikpower.com\/es\/wp-json\/wp\/v2\/product\/153700"}],"collection":[{"href":"https:\/\/norwikpower.com\/es\/wp-json\/wp\/v2\/product"}],"about":[{"href":"https:\/\/norwikpower.com\/es\/wp-json\/wp\/v2\/types\/product"}],"replies":[{"embeddable":true,"href":"https:\/\/norwikpower.com\/es\/wp-json\/wp\/v2\/comments?post=153700"}],"version-history":[{"count":0,"href":"https:\/\/norwikpower.com\/es\/wp-json\/wp\/v2\/product\/153700\/revisions"}],"wp:featuredmedia":[{"embeddable":true,"href":"https:\/\/norwikpower.com\/es\/wp-json\/wp\/v2\/media\/157034"}],"wp:attachment":[{"href":"https:\/\/norwikpower.com\/es\/wp-json\/wp\/v2\/media?parent=153700"}],"wp:term":[{"taxonomy":"product_cat","embeddable":true,"href":"https:\/\/norwikpower.com\/es\/wp-json\/wp\/v2\/product_cat?post=153700"},{"taxonomy":"product_tag","embeddable":true,"href":"https:\/\/norwikpower.com\/es\/wp-json\/wp\/v2\/product_tag?post=153700"}],"curies":[{"name":"wp","href":"https:\/\/api.w.org\/{rel}","templated":true}]}}