{"id":153713,"date":"2025-03-21T17:20:16","date_gmt":"2025-03-21T16:20:16","guid":{"rendered":"https:\/\/norwikpower.com\/prodotti\/sin%20categor\u00eda\/cv32\/"},"modified":"2025-03-21T16:08:08","modified_gmt":"2025-03-21T15:08:08","slug":"cv32","status":"publish","type":"product","link":"https:\/\/norwikpower.com\/es\/productos\/bombas\/multietapas-verticales\/cv32\/","title":{"rendered":"CV32"},"content":{"rendered":"","protected":false},"excerpt":{"rendered":"<p>Las bombas multietapa verticales son adecuadas para bombear l\u00edquidos de baja viscosidad, no inflamables y no explosivos que no contengan part\u00edculas s\u00f3lidas ni fibras.<br \/>\nSuministro y drenaje de agua para edificios de gran altura, filtraci\u00f3n y transferencia en acueductos, aumento de presi\u00f3n en tuber\u00edas principales. Sistemas de lavado y limpieza, alimentaci\u00f3n de calderas, circulaci\u00f3n de agua de refrigeraci\u00f3n, sistemas de tratamiento de agua, sistemas auxiliares y equipos de apoyo. Sistemas de ultrafiltraci\u00f3n, sistemas de \u00f3smosis inversa, sistemas de destilaci\u00f3n, separadores, piscinas. Riego agr\u00edcola, riego por aspersi\u00f3n, riego por goteo.<br \/>\nIndustria alimentaria y de bebidas y sistemas contra incendios.<\/p>\n","protected":false},"featured_media":157086,"comment_status":"closed","ping_status":"open","template":"","meta":{"_acf_changed":false},"product_cat":[1439,1455],"product_tag":[],"class_list":{"0":"post-153713","1":"product","2":"type-product","3":"status-publish","4":"has-post-thumbnail","6":"product_cat-bombas","7":"product_cat-multietapas-verticales","9":"first","10":"instock","11":"product-type-simple"},"acf":[],"_links":{"self":[{"href":"https:\/\/norwikpower.com\/es\/wp-json\/wp\/v2\/product\/153713"}],"collection":[{"href":"https:\/\/norwikpower.com\/es\/wp-json\/wp\/v2\/product"}],"about":[{"href":"https:\/\/norwikpower.com\/es\/wp-json\/wp\/v2\/types\/product"}],"replies":[{"embeddable":true,"href":"https:\/\/norwikpower.com\/es\/wp-json\/wp\/v2\/comments?post=153713"}],"version-history":[{"count":0,"href":"https:\/\/norwikpower.com\/es\/wp-json\/wp\/v2\/product\/153713\/revisions"}],"wp:featuredmedia":[{"embeddable":true,"href":"https:\/\/norwikpower.com\/es\/wp-json\/wp\/v2\/media\/157086"}],"wp:attachment":[{"href":"https:\/\/norwikpower.com\/es\/wp-json\/wp\/v2\/media?parent=153713"}],"wp:term":[{"taxonomy":"product_cat","embeddable":true,"href":"https:\/\/norwikpower.com\/es\/wp-json\/wp\/v2\/product_cat?post=153713"},{"taxonomy":"product_tag","embeddable":true,"href":"https:\/\/norwikpower.com\/es\/wp-json\/wp\/v2\/product_tag?post=153713"}],"curies":[{"name":"wp","href":"https:\/\/api.w.org\/{rel}","templated":true}]}}