{"id":153717,"date":"2025-03-21T17:20:28","date_gmt":"2025-03-21T16:20:28","guid":{"rendered":"https:\/\/norwikpower.com\/prodotti\/sin%20categor\u00eda\/jet60s\/"},"modified":"2025-03-21T16:08:09","modified_gmt":"2025-03-21T15:08:09","slug":"jet60s","status":"publish","type":"product","link":"https:\/\/norwikpower.com\/es\/productos\/bombas\/autocebantes\/jet60s\/","title":{"rendered":"JET60S"},"content":{"rendered":"","protected":false},"excerpt":{"rendered":"<p>Las bombas autocebantes est\u00e1n equipadas con un sistema Venturi. Son adecuadas para transportar agua limpia y fluidos qu\u00edmicos no agresivos, incluso l\u00edquidos mezclados con gas, desde pozos en servicio continuo.<br \/>\nTambi\u00e9n son adecuadas para aumentar la presi\u00f3n del agua en sistemas centrales de agua, para peque\u00f1os sistemas de riego, para regar jardines, para sistemas de lavado con chorros de agua, para fuentes, etc.<br \/>\nNormalmente es aconsejable instalar una v\u00e1lvula de pie en el extremo de aspiraci\u00f3n.<\/p>\n","protected":false},"featured_media":157102,"comment_status":"closed","ping_status":"open","template":"","meta":{"_acf_changed":false},"product_cat":[1439,1456],"product_tag":[],"class_list":{"0":"post-153717","1":"product","2":"type-product","3":"status-publish","4":"has-post-thumbnail","6":"product_cat-bombas","7":"product_cat-autocebantes","8":"pa_portata-40-l-min-es","9":"pa_potenza-massima-0-37-kw-es","10":"pa_prevalenza-35-m-es","12":"first","13":"instock","14":"product-type-simple"},"acf":[],"_links":{"self":[{"href":"https:\/\/norwikpower.com\/es\/wp-json\/wp\/v2\/product\/153717"}],"collection":[{"href":"https:\/\/norwikpower.com\/es\/wp-json\/wp\/v2\/product"}],"about":[{"href":"https:\/\/norwikpower.com\/es\/wp-json\/wp\/v2\/types\/product"}],"replies":[{"embeddable":true,"href":"https:\/\/norwikpower.com\/es\/wp-json\/wp\/v2\/comments?post=153717"}],"version-history":[{"count":0,"href":"https:\/\/norwikpower.com\/es\/wp-json\/wp\/v2\/product\/153717\/revisions"}],"wp:featuredmedia":[{"embeddable":true,"href":"https:\/\/norwikpower.com\/es\/wp-json\/wp\/v2\/media\/157102"}],"wp:attachment":[{"href":"https:\/\/norwikpower.com\/es\/wp-json\/wp\/v2\/media?parent=153717"}],"wp:term":[{"taxonomy":"product_cat","embeddable":true,"href":"https:\/\/norwikpower.com\/es\/wp-json\/wp\/v2\/product_cat?post=153717"},{"taxonomy":"product_tag","embeddable":true,"href":"https:\/\/norwikpower.com\/es\/wp-json\/wp\/v2\/product_tag?post=153717"}],"curies":[{"name":"wp","href":"https:\/\/api.w.org\/{rel}","templated":true}]}}