{"id":153724,"date":"2025-03-21T17:20:41","date_gmt":"2025-03-21T16:20:41","guid":{"rendered":"https:\/\/norwikpower.com\/prodotti\/sin%20categor\u00eda\/rs25-4-130\/"},"modified":"2025-03-21T16:08:17","modified_gmt":"2025-03-21T15:08:17","slug":"rs25-4-130","status":"publish","type":"product","link":"https:\/\/norwikpower.com\/es\/productos\/bombas\/recirculacion\/rs25-4-130\/","title":{"rendered":"RS25-4-130"},"content":{"rendered":"","protected":false},"excerpt":{"rendered":"<p>Las bombas de recirculaci\u00f3n pueden utilizarse en sistemas de calefacci\u00f3n, refrigeraci\u00f3n, aire acondicionado, calderas y sistemas solares de una o dos tuber\u00edas.<\/p>\n","protected":false},"featured_media":157130,"comment_status":"closed","ping_status":"open","template":"","meta":{"_acf_changed":false},"product_cat":[1439,1459],"product_tag":[],"class_list":{"0":"post-153724","1":"product","2":"type-product","3":"status-publish","4":"has-post-thumbnail","6":"product_cat-bombas","7":"product_cat-recirculacion","8":"pa_diametro-connettori-g1-1-2-inch-es","9":"pa_lunghezza-pompa-130-mm-es","10":"pa_portata-4-5-4-3-m-es","12":"first","13":"instock","14":"product-type-simple"},"acf":[],"_links":{"self":[{"href":"https:\/\/norwikpower.com\/es\/wp-json\/wp\/v2\/product\/153724"}],"collection":[{"href":"https:\/\/norwikpower.com\/es\/wp-json\/wp\/v2\/product"}],"about":[{"href":"https:\/\/norwikpower.com\/es\/wp-json\/wp\/v2\/types\/product"}],"replies":[{"embeddable":true,"href":"https:\/\/norwikpower.com\/es\/wp-json\/wp\/v2\/comments?post=153724"}],"version-history":[{"count":0,"href":"https:\/\/norwikpower.com\/es\/wp-json\/wp\/v2\/product\/153724\/revisions"}],"wp:featuredmedia":[{"embeddable":true,"href":"https:\/\/norwikpower.com\/es\/wp-json\/wp\/v2\/media\/157130"}],"wp:attachment":[{"href":"https:\/\/norwikpower.com\/es\/wp-json\/wp\/v2\/media?parent=153724"}],"wp:term":[{"taxonomy":"product_cat","embeddable":true,"href":"https:\/\/norwikpower.com\/es\/wp-json\/wp\/v2\/product_cat?post=153724"},{"taxonomy":"product_tag","embeddable":true,"href":"https:\/\/norwikpower.com\/es\/wp-json\/wp\/v2\/product_tag?post=153724"}],"curies":[{"name":"wp","href":"https:\/\/api.w.org\/{rel}","templated":true}]}}