{"id":153732,"date":"2025-03-21T17:21:08","date_gmt":"2025-03-21T16:21:08","guid":{"rendered":"https:\/\/norwikpower.com\/prodotti\/sin%20categor\u00eda\/rs32-8-180\/"},"modified":"2025-03-21T16:08:25","modified_gmt":"2025-03-21T15:08:25","slug":"rs32-8-180","status":"publish","type":"product","link":"https:\/\/norwikpower.com\/es\/productos\/bombas\/recirculacion\/rs32-8-180\/","title":{"rendered":"RS32-8-180"},"content":{"rendered":"","protected":false},"excerpt":{"rendered":"<p>Las bombas de recirculaci\u00f3n pueden utilizarse en sistemas de calefacci\u00f3n, refrigeraci\u00f3n, aire acondicionado, calderas y sistemas solares de una o dos tuber\u00edas.<\/p>\n","protected":false},"featured_media":157162,"comment_status":"closed","ping_status":"open","template":"","meta":{"_acf_changed":false},"product_cat":[1439,1459],"product_tag":[],"class_list":{"0":"post-153732","1":"product","2":"type-product","3":"status-publish","4":"has-post-thumbnail","6":"product_cat-bombas","7":"product_cat-recirculacion","8":"pa_diametro-connettori-g2-inch-es","9":"pa_lunghezza-pompa-180-mm-es","10":"pa_portata-8-7-5-6-5-m-es","12":"first","13":"instock","14":"product-type-simple"},"acf":[],"_links":{"self":[{"href":"https:\/\/norwikpower.com\/es\/wp-json\/wp\/v2\/product\/153732"}],"collection":[{"href":"https:\/\/norwikpower.com\/es\/wp-json\/wp\/v2\/product"}],"about":[{"href":"https:\/\/norwikpower.com\/es\/wp-json\/wp\/v2\/types\/product"}],"replies":[{"embeddable":true,"href":"https:\/\/norwikpower.com\/es\/wp-json\/wp\/v2\/comments?post=153732"}],"version-history":[{"count":0,"href":"https:\/\/norwikpower.com\/es\/wp-json\/wp\/v2\/product\/153732\/revisions"}],"wp:featuredmedia":[{"embeddable":true,"href":"https:\/\/norwikpower.com\/es\/wp-json\/wp\/v2\/media\/157162"}],"wp:attachment":[{"href":"https:\/\/norwikpower.com\/es\/wp-json\/wp\/v2\/media?parent=153732"}],"wp:term":[{"taxonomy":"product_cat","embeddable":true,"href":"https:\/\/norwikpower.com\/es\/wp-json\/wp\/v2\/product_cat?post=153732"},{"taxonomy":"product_tag","embeddable":true,"href":"https:\/\/norwikpower.com\/es\/wp-json\/wp\/v2\/product_tag?post=153732"}],"curies":[{"name":"wp","href":"https:\/\/api.w.org\/{rel}","templated":true}]}}