{"id":153744,"date":"2025-03-21T17:21:37","date_gmt":"2025-03-21T16:21:37","guid":{"rendered":"https:\/\/norwikpower.com\/prodotti\/sin%20categor\u00eda\/wda150\/"},"modified":"2025-03-21T16:08:37","modified_gmt":"2025-03-21T15:08:37","slug":"wda150","status":"publish","type":"product","link":"https:\/\/norwikpower.com\/es\/productos\/bombas\/piscinas-spa-e-idromasaje\/wda150\/","title":{"rendered":"WDA150"},"content":{"rendered":"","protected":false},"excerpt":{"rendered":"<p>Las bombas de hidromasaje son especialmente adecuadas para hidromasajes y para transportar agua de mar,<br \/>\nl\u00edquidos d\u00e9bilmente corrosivos (\u00e1cidos d\u00e9biles y \u00e1lcalis) sin gr\u00e1nulos s\u00f3lidos.<\/p>\n","protected":false},"featured_media":157210,"comment_status":"closed","ping_status":"open","template":"","meta":{"_acf_changed":false},"product_cat":[1439,1466],"product_tag":[],"class_list":{"0":"post-153744","1":"product","2":"type-product","3":"status-publish","4":"has-post-thumbnail","6":"product_cat-bombas","7":"product_cat-piscinas-spa-e-idromasaje","8":"pa_portata-420-l-min-es","9":"pa_potenza-massima-0-90-kw-es","10":"pa_prevalenza-16-00-m-es","12":"first","13":"instock","14":"product-type-simple"},"acf":[],"_links":{"self":[{"href":"https:\/\/norwikpower.com\/es\/wp-json\/wp\/v2\/product\/153744"}],"collection":[{"href":"https:\/\/norwikpower.com\/es\/wp-json\/wp\/v2\/product"}],"about":[{"href":"https:\/\/norwikpower.com\/es\/wp-json\/wp\/v2\/types\/product"}],"replies":[{"embeddable":true,"href":"https:\/\/norwikpower.com\/es\/wp-json\/wp\/v2\/comments?post=153744"}],"version-history":[{"count":0,"href":"https:\/\/norwikpower.com\/es\/wp-json\/wp\/v2\/product\/153744\/revisions"}],"wp:featuredmedia":[{"embeddable":true,"href":"https:\/\/norwikpower.com\/es\/wp-json\/wp\/v2\/media\/157210"}],"wp:attachment":[{"href":"https:\/\/norwikpower.com\/es\/wp-json\/wp\/v2\/media?parent=153744"}],"wp:term":[{"taxonomy":"product_cat","embeddable":true,"href":"https:\/\/norwikpower.com\/es\/wp-json\/wp\/v2\/product_cat?post=153744"},{"taxonomy":"product_tag","embeddable":true,"href":"https:\/\/norwikpower.com\/es\/wp-json\/wp\/v2\/product_tag?post=153744"}],"curies":[{"name":"wp","href":"https:\/\/api.w.org\/{rel}","templated":true}]}}