{"id":153752,"date":"2025-03-21T17:21:50","date_gmt":"2025-03-21T16:21:50","guid":{"rendered":"https:\/\/norwikpower.com\/prodotti\/sin%20categor\u00eda\/sua300-i\/"},"modified":"2025-03-21T16:08:44","modified_gmt":"2025-03-21T15:08:44","slug":"sua300-i","status":"publish","type":"product","link":"https:\/\/norwikpower.com\/es\/productos\/bombas\/piscinas-spa-e-idromasaje\/sua300-i\/","title":{"rendered":"SUA300-I"},"content":{"rendered":"","protected":false},"excerpt":{"rendered":"<p>Las bombas para piscinas se aplican a la circulaci\u00f3n de l\u00edquidos y la filtraci\u00f3n en spas, piscinas, plantas de tratamiento de agua y piscinas de decoraci\u00f3n.<\/p>\n","protected":false},"featured_media":157242,"comment_status":"closed","ping_status":"open","template":"","meta":{"_acf_changed":false},"product_cat":[1439,1466],"product_tag":[],"class_list":{"0":"post-153752","1":"product","2":"type-product","3":"status-publish","4":"has-post-thumbnail","6":"product_cat-bombas","7":"product_cat-piscinas-spa-e-idromasaje","8":"pa_portata-710-l-min-es","9":"pa_potenza-massima-1-50-kw-es","10":"pa_prevalenza-18-00-m-es","12":"first","13":"instock","14":"product-type-simple"},"acf":[],"_links":{"self":[{"href":"https:\/\/norwikpower.com\/es\/wp-json\/wp\/v2\/product\/153752"}],"collection":[{"href":"https:\/\/norwikpower.com\/es\/wp-json\/wp\/v2\/product"}],"about":[{"href":"https:\/\/norwikpower.com\/es\/wp-json\/wp\/v2\/types\/product"}],"replies":[{"embeddable":true,"href":"https:\/\/norwikpower.com\/es\/wp-json\/wp\/v2\/comments?post=153752"}],"version-history":[{"count":0,"href":"https:\/\/norwikpower.com\/es\/wp-json\/wp\/v2\/product\/153752\/revisions"}],"wp:featuredmedia":[{"embeddable":true,"href":"https:\/\/norwikpower.com\/es\/wp-json\/wp\/v2\/media\/157242"}],"wp:attachment":[{"href":"https:\/\/norwikpower.com\/es\/wp-json\/wp\/v2\/media?parent=153752"}],"wp:term":[{"taxonomy":"product_cat","embeddable":true,"href":"https:\/\/norwikpower.com\/es\/wp-json\/wp\/v2\/product_cat?post=153752"},{"taxonomy":"product_tag","embeddable":true,"href":"https:\/\/norwikpower.com\/es\/wp-json\/wp\/v2\/product_tag?post=153752"}],"curies":[{"name":"wp","href":"https:\/\/api.w.org\/{rel}","templated":true}]}}