{"id":153758,"date":"2025-03-21T17:22:10","date_gmt":"2025-03-21T16:22:10","guid":{"rendered":"https:\/\/norwikpower.com\/prodotti\/sin%20categor\u00eda\/48wua1003c-i\/"},"modified":"2025-03-21T16:08:46","modified_gmt":"2025-03-21T15:08:46","slug":"48wua1003c-i","status":"publish","type":"product","link":"https:\/\/norwikpower.com\/es\/productos\/bombas\/piscinas-spa-e-idromasaje\/48wua1003c-i\/","title":{"rendered":"48WUA1003C-I"},"content":{"rendered":"","protected":false},"excerpt":{"rendered":"<p>Las bombas SPA son las m\u00e1s adecuadas para piscinas  y hidromasajes. Transportan l\u00edquidos sin part\u00edculas y con baja corrosividad (\u00e1cido d\u00e9bil, base d\u00e9bil)<br \/>\nadecuado para la circulaci\u00f3n en equipos de refrigeraci\u00f3n para instalaciones<\/p>\n","protected":false},"featured_media":157266,"comment_status":"closed","ping_status":"open","template":"","meta":{"_acf_changed":false},"product_cat":[1439,1466],"product_tag":[],"class_list":{"0":"post-153758","1":"product","2":"type-product","3":"status-publish","4":"has-post-thumbnail","6":"product_cat-bombas","7":"product_cat-piscinas-spa-e-idromasaje","8":"pa_portata-500-l-min-es","9":"pa_potenza-massima-1-5-kw-es","10":"pa_prevalenza-16-m-es","12":"first","13":"instock","14":"product-type-simple"},"acf":[],"_links":{"self":[{"href":"https:\/\/norwikpower.com\/es\/wp-json\/wp\/v2\/product\/153758"}],"collection":[{"href":"https:\/\/norwikpower.com\/es\/wp-json\/wp\/v2\/product"}],"about":[{"href":"https:\/\/norwikpower.com\/es\/wp-json\/wp\/v2\/types\/product"}],"replies":[{"embeddable":true,"href":"https:\/\/norwikpower.com\/es\/wp-json\/wp\/v2\/comments?post=153758"}],"version-history":[{"count":0,"href":"https:\/\/norwikpower.com\/es\/wp-json\/wp\/v2\/product\/153758\/revisions"}],"wp:featuredmedia":[{"embeddable":true,"href":"https:\/\/norwikpower.com\/es\/wp-json\/wp\/v2\/media\/157266"}],"wp:attachment":[{"href":"https:\/\/norwikpower.com\/es\/wp-json\/wp\/v2\/media?parent=153758"}],"wp:term":[{"taxonomy":"product_cat","embeddable":true,"href":"https:\/\/norwikpower.com\/es\/wp-json\/wp\/v2\/product_cat?post=153758"},{"taxonomy":"product_tag","embeddable":true,"href":"https:\/\/norwikpower.com\/es\/wp-json\/wp\/v2\/product_tag?post=153758"}],"curies":[{"name":"wp","href":"https:\/\/api.w.org\/{rel}","templated":true}]}}