{"id":153772,"date":"2025-03-21T17:22:49","date_gmt":"2025-03-21T16:22:49","guid":{"rendered":"https:\/\/norwikpower.com\/prodotti\/sin%20categor\u00eda\/fsm2-4f\/"},"modified":"2025-03-21T16:08:59","modified_gmt":"2025-03-21T15:08:59","slug":"fsm2-4f","status":"publish","type":"product","link":"https:\/\/norwikpower.com\/es\/productos\/bombas\/sumergibles\/fsm2-4f\/","title":{"rendered":"FS(M)2.4(F)"},"content":{"rendered":"","protected":false},"excerpt":{"rendered":"<p>Las bombas de drenaje sumergibles est\u00e1n equipadas con un impulsor semivortex dise\u00f1ado para minimizar los atascos.<br \/>\nEsto garantiza la m\u00e1xima durabilidad y ayuda a mantener el rendimiento de la bomba.<br \/>\nEl agitador incorporado montado en el eje evita el \u00abbloqueo por aire\u00bb y reduce la situaci\u00f3n de atasco. Aplicaciones:<br \/>\nInstalaciones civiles, obras de construcci\u00f3n, s\u00f3tanos o fosos de servicio. L\u00edquidos: agua de lluvia, agua fangosa y fluidos altamente corrosivos.<\/p>\n","protected":false},"featured_media":157322,"comment_status":"closed","ping_status":"open","template":"","meta":{"_acf_changed":false},"product_cat":[1439,1471],"product_tag":[],"class_list":{"0":"post-153772","1":"product","2":"type-product","3":"status-publish","4":"has-post-thumbnail","6":"product_cat-bombas","7":"product_cat-sumergibles","8":"pa_portata-12-6-m-h-es","9":"pa_potenza-massima-0-4-kw-es","10":"pa_prevalenza-12-m-es","12":"first","13":"instock","14":"product-type-simple"},"acf":[],"_links":{"self":[{"href":"https:\/\/norwikpower.com\/es\/wp-json\/wp\/v2\/product\/153772"}],"collection":[{"href":"https:\/\/norwikpower.com\/es\/wp-json\/wp\/v2\/product"}],"about":[{"href":"https:\/\/norwikpower.com\/es\/wp-json\/wp\/v2\/types\/product"}],"replies":[{"embeddable":true,"href":"https:\/\/norwikpower.com\/es\/wp-json\/wp\/v2\/comments?post=153772"}],"version-history":[{"count":0,"href":"https:\/\/norwikpower.com\/es\/wp-json\/wp\/v2\/product\/153772\/revisions"}],"wp:featuredmedia":[{"embeddable":true,"href":"https:\/\/norwikpower.com\/es\/wp-json\/wp\/v2\/media\/157322"}],"wp:attachment":[{"href":"https:\/\/norwikpower.com\/es\/wp-json\/wp\/v2\/media?parent=153772"}],"wp:term":[{"taxonomy":"product_cat","embeddable":true,"href":"https:\/\/norwikpower.com\/es\/wp-json\/wp\/v2\/product_cat?post=153772"},{"taxonomy":"product_tag","embeddable":true,"href":"https:\/\/norwikpower.com\/es\/wp-json\/wp\/v2\/product_tag?post=153772"}],"curies":[{"name":"wp","href":"https:\/\/api.w.org\/{rel}","templated":true}]}}