{"id":153790,"date":"2025-03-21T17:23:36","date_gmt":"2025-03-21T16:23:36","guid":{"rendered":"https:\/\/norwikpower.com\/prodotti\/sin%20categor\u00eda\/ks43-7f\/"},"modified":"2025-03-21T16:09:11","modified_gmt":"2025-03-21T15:09:11","slug":"ks43-7f","status":"publish","type":"product","link":"https:\/\/norwikpower.com\/es\/productos\/bombas\/sumergibles\/ks43-7f\/","title":{"rendered":"KS43.7F"},"content":{"rendered":"","protected":false},"excerpt":{"rendered":"<p>Dise\u00f1o compacto, alto rendimiento y durabilidad para el manejo de l\u00edquidos abrasivos, ampliamente utilizado en construcci\u00f3n e ingenier\u00eda civil.<br \/>\nEl motor y la carcasa de la bomba son de hierro fundido o acero inoxidable para garantizar una larga vida \u00fatil.<br \/>\nProfundidad m\u00e1xima de inmersi\u00f3n significativamente mayor gracias al cierre mec\u00e1nico resistente a la alta presi\u00f3n (0,5 MPa)<\/p>\n","protected":false},"featured_media":157394,"comment_status":"closed","ping_status":"open","template":"","meta":{"_acf_changed":false},"product_cat":[1439,1471],"product_tag":[],"class_list":{"0":"post-153790","1":"product","2":"type-product","3":"status-publish","4":"has-post-thumbnail","6":"product_cat-bombas","7":"product_cat-sumergibles","8":"pa_portata-95-m-h-es","9":"pa_potenza-massima-3-7-kw-es","10":"pa_prevalenza-18-m-es","12":"first","13":"instock","14":"product-type-simple"},"acf":[],"_links":{"self":[{"href":"https:\/\/norwikpower.com\/es\/wp-json\/wp\/v2\/product\/153790"}],"collection":[{"href":"https:\/\/norwikpower.com\/es\/wp-json\/wp\/v2\/product"}],"about":[{"href":"https:\/\/norwikpower.com\/es\/wp-json\/wp\/v2\/types\/product"}],"replies":[{"embeddable":true,"href":"https:\/\/norwikpower.com\/es\/wp-json\/wp\/v2\/comments?post=153790"}],"version-history":[{"count":0,"href":"https:\/\/norwikpower.com\/es\/wp-json\/wp\/v2\/product\/153790\/revisions"}],"wp:featuredmedia":[{"embeddable":true,"href":"https:\/\/norwikpower.com\/es\/wp-json\/wp\/v2\/media\/157394"}],"wp:attachment":[{"href":"https:\/\/norwikpower.com\/es\/wp-json\/wp\/v2\/media?parent=153790"}],"wp:term":[{"taxonomy":"product_cat","embeddable":true,"href":"https:\/\/norwikpower.com\/es\/wp-json\/wp\/v2\/product_cat?post=153790"},{"taxonomy":"product_tag","embeddable":true,"href":"https:\/\/norwikpower.com\/es\/wp-json\/wp\/v2\/product_tag?post=153790"}],"curies":[{"name":"wp","href":"https:\/\/api.w.org\/{rel}","templated":true}]}}