{"id":153800,"date":"2025-03-21T17:23:59","date_gmt":"2025-03-21T16:23:59","guid":{"rendered":"https:\/\/norwikpower.com\/prodotti\/sin%20categor\u00eda\/80u47-5\/"},"modified":"2025-03-21T16:09:18","modified_gmt":"2025-03-21T15:09:18","slug":"80u47-5","status":"publish","type":"product","link":"https:\/\/norwikpower.com\/es\/productos\/bombas\/para-aguas-residuales\/80u47-5\/","title":{"rendered":"80U47.5"},"content":{"rendered":"","protected":false},"excerpt":{"rendered":"<p>El impulsor vortex est\u00e1 situado fuera de la voluta: por lo tanto, cualquier s\u00f3lido que pueda entrar en la succi\u00f3n es capaz de<br \/>\npasan a trav\u00e9s de la carcasa por el efecto v\u00f3rtice. El cierre mec\u00e1nico Sic tiene una gran resistencia al desgaste.<br \/>\nEl sistema estanco de entrada de cables protege el motor del agua y la humedad en caso de cables da\u00f1ados y sumergidos.<br \/>\nEl protector t\u00e9rmico incorporado detiene autom\u00e1ticamente la bomba en caso de fase abierta, cortocircuito, sobrecarga y sobrecalentamiento.<\/p>\n","protected":false},"featured_media":157434,"comment_status":"closed","ping_status":"open","template":"","meta":{"_acf_changed":false},"product_cat":[1439,1479],"product_tag":[],"class_list":{"0":"post-153800","1":"product","2":"type-product","3":"status-publish","4":"has-post-thumbnail","6":"product_cat-bombas","7":"product_cat-para-aguas-residuales","8":"pa_portata-110-m-h-es","9":"pa_potenza-massima-7-5-kw-es","10":"pa_prevalenza-17-m-es","12":"first","13":"instock","14":"product-type-simple"},"acf":[],"_links":{"self":[{"href":"https:\/\/norwikpower.com\/es\/wp-json\/wp\/v2\/product\/153800"}],"collection":[{"href":"https:\/\/norwikpower.com\/es\/wp-json\/wp\/v2\/product"}],"about":[{"href":"https:\/\/norwikpower.com\/es\/wp-json\/wp\/v2\/types\/product"}],"replies":[{"embeddable":true,"href":"https:\/\/norwikpower.com\/es\/wp-json\/wp\/v2\/comments?post=153800"}],"version-history":[{"count":0,"href":"https:\/\/norwikpower.com\/es\/wp-json\/wp\/v2\/product\/153800\/revisions"}],"wp:featuredmedia":[{"embeddable":true,"href":"https:\/\/norwikpower.com\/es\/wp-json\/wp\/v2\/media\/157434"}],"wp:attachment":[{"href":"https:\/\/norwikpower.com\/es\/wp-json\/wp\/v2\/media?parent=153800"}],"wp:term":[{"taxonomy":"product_cat","embeddable":true,"href":"https:\/\/norwikpower.com\/es\/wp-json\/wp\/v2\/product_cat?post=153800"},{"taxonomy":"product_tag","embeddable":true,"href":"https:\/\/norwikpower.com\/es\/wp-json\/wp\/v2\/product_tag?post=153800"}],"curies":[{"name":"wp","href":"https:\/\/api.w.org\/{rel}","templated":true}]}}