{"id":153804,"date":"2025-03-21T17:24:14","date_gmt":"2025-03-21T16:24:14","guid":{"rendered":"https:\/\/norwikpower.com\/prodotti\/sin%20categor\u00eda\/80b27-5\/"},"modified":"2025-03-21T16:09:23","modified_gmt":"2025-03-21T15:09:23","slug":"80b27-5","status":"publish","type":"product","link":"https:\/\/norwikpower.com\/es\/productos\/bombas\/para-aguas-residuales\/80b27-5\/","title":{"rendered":"80B27.5"},"content":{"rendered":"","protected":false},"excerpt":{"rendered":"<p>El impulsor de doble h\u00e9lice antiobstrucci\u00f3n puede bombear s\u00f3lidos de gran tama\u00f1o. Abarcan una gama completa de<br \/>\ncabeza. El acabado cromado del eje garantiza una gran resistencia a la corrosi\u00f3n y al desgaste.<br \/>\nEst\u00e1n dise\u00f1adas para bombear aguas residuales, aguas negras, aguas pluviales y aguas que contienen s\u00f3lidos, materiales diversos, lodos.<\/p>\n","protected":false},"featured_media":157450,"comment_status":"closed","ping_status":"open","template":"","meta":{"_acf_changed":false},"product_cat":[1439,1479],"product_tag":[],"class_list":{"0":"post-153804","1":"product","2":"type-product","3":"status-publish","4":"has-post-thumbnail","6":"product_cat-bombas","7":"product_cat-para-aguas-residuales","8":"pa_portata-80-m-h-es","9":"pa_potenza-massima-7-5-kw-es","10":"pa_prevalenza-40-m-es","12":"first","13":"instock","14":"product-type-simple"},"acf":[],"_links":{"self":[{"href":"https:\/\/norwikpower.com\/es\/wp-json\/wp\/v2\/product\/153804"}],"collection":[{"href":"https:\/\/norwikpower.com\/es\/wp-json\/wp\/v2\/product"}],"about":[{"href":"https:\/\/norwikpower.com\/es\/wp-json\/wp\/v2\/types\/product"}],"replies":[{"embeddable":true,"href":"https:\/\/norwikpower.com\/es\/wp-json\/wp\/v2\/comments?post=153804"}],"version-history":[{"count":0,"href":"https:\/\/norwikpower.com\/es\/wp-json\/wp\/v2\/product\/153804\/revisions"}],"wp:featuredmedia":[{"embeddable":true,"href":"https:\/\/norwikpower.com\/es\/wp-json\/wp\/v2\/media\/157450"}],"wp:attachment":[{"href":"https:\/\/norwikpower.com\/es\/wp-json\/wp\/v2\/media?parent=153804"}],"wp:term":[{"taxonomy":"product_cat","embeddable":true,"href":"https:\/\/norwikpower.com\/es\/wp-json\/wp\/v2\/product_cat?post=153804"},{"taxonomy":"product_tag","embeddable":true,"href":"https:\/\/norwikpower.com\/es\/wp-json\/wp\/v2\/product_tag?post=153804"}],"curies":[{"name":"wp","href":"https:\/\/api.w.org\/{rel}","templated":true}]}}