{"id":153824,"date":"2025-03-21T17:24:48","date_gmt":"2025-03-21T16:24:48","guid":{"rendered":"https:\/\/norwikpower.com\/prodotti\/sin%20categor\u00eda\/krs-5\/"},"modified":"2025-03-21T16:09:40","modified_gmt":"2025-03-21T15:09:40","slug":"krs-5","status":"publish","type":"product","link":"https:\/\/norwikpower.com\/es\/productos\/presostatos\/krs-5\/","title":{"rendered":"KRS-5"},"content":{"rendered":"","protected":false},"excerpt":{"rendered":"<p>Presostato mec\u00e1nico utilizado en sistemas de agua. Pone en marcha y detiene autom\u00e1ticamente la bomba de agua en funci\u00f3n de la presi\u00f3n preestablecida.<\/p>\n","protected":false},"featured_media":157538,"comment_status":"closed","ping_status":"open","template":"","meta":{"_acf_changed":false},"product_cat":[2092],"product_tag":[],"class_list":{"0":"post-153824","1":"product","2":"type-product","3":"status-publish","4":"has-post-thumbnail","6":"product_cat-presostatos","7":"pa_potenza-massima-1-1-kw-es","9":"first","10":"instock","11":"product-type-simple"},"acf":[],"_links":{"self":[{"href":"https:\/\/norwikpower.com\/es\/wp-json\/wp\/v2\/product\/153824"}],"collection":[{"href":"https:\/\/norwikpower.com\/es\/wp-json\/wp\/v2\/product"}],"about":[{"href":"https:\/\/norwikpower.com\/es\/wp-json\/wp\/v2\/types\/product"}],"replies":[{"embeddable":true,"href":"https:\/\/norwikpower.com\/es\/wp-json\/wp\/v2\/comments?post=153824"}],"version-history":[{"count":0,"href":"https:\/\/norwikpower.com\/es\/wp-json\/wp\/v2\/product\/153824\/revisions"}],"wp:featuredmedia":[{"embeddable":true,"href":"https:\/\/norwikpower.com\/es\/wp-json\/wp\/v2\/media\/157538"}],"wp:attachment":[{"href":"https:\/\/norwikpower.com\/es\/wp-json\/wp\/v2\/media?parent=153824"}],"wp:term":[{"taxonomy":"product_cat","embeddable":true,"href":"https:\/\/norwikpower.com\/es\/wp-json\/wp\/v2\/product_cat?post=153824"},{"taxonomy":"product_tag","embeddable":true,"href":"https:\/\/norwikpower.com\/es\/wp-json\/wp\/v2\/product_tag?post=153824"}],"curies":[{"name":"wp","href":"https:\/\/api.w.org\/{rel}","templated":true}]}}