{"id":153825,"date":"2025-03-21T17:24:54","date_gmt":"2025-03-21T16:24:54","guid":{"rendered":"https:\/\/norwikpower.com\/prodotti\/sin%20categor\u00eda\/fps-1\/"},"modified":"2025-03-21T16:09:41","modified_gmt":"2025-03-21T15:09:41","slug":"fps-1","status":"publish","type":"product","link":"https:\/\/norwikpower.com\/es\/productos\/accesorios\/fps-1\/","title":{"rendered":"FPS-1"},"content":{"rendered":"","protected":false},"excerpt":{"rendered":"<p>El flotador,  conectado a una bomba el\u00e9ctrica mediante un cable el\u00e9ctrico, se utiliza para el control autom\u00e1tico de los niveles de agua en dep\u00f3sitos y piscinas.<br \/>\nFije el contrapeso al cable de alimentaci\u00f3n para controlar el nivel del agua. (El contrapeso s\u00f3lo se suministra bajo pedido).<br \/>\nConecte el cable de alimentaci\u00f3n con la bomba el\u00e9ctrica y f\u00edjelo dentro del dep\u00f3sito de agua.<br \/>\nLa longitud de la secci\u00f3n de cable entre el punto de fijaci\u00f3n del dispositivo y el cuerpo del mismo determina el nivel de agua.<br \/>\nEl terminal del cable el\u00e9ctrico nunca debe sumergirse en agua durante la instalaci\u00f3n.<\/p>\n","protected":false},"featured_media":157546,"comment_status":"closed","ping_status":"open","template":"","meta":{"_acf_changed":false},"product_cat":[1483],"product_tag":[],"class_list":{"0":"post-153825","1":"product","2":"type-product","3":"status-publish","4":"has-post-thumbnail","6":"product_cat-accesorios","8":"first","9":"instock","10":"product-type-simple"},"acf":[],"_links":{"self":[{"href":"https:\/\/norwikpower.com\/es\/wp-json\/wp\/v2\/product\/153825"}],"collection":[{"href":"https:\/\/norwikpower.com\/es\/wp-json\/wp\/v2\/product"}],"about":[{"href":"https:\/\/norwikpower.com\/es\/wp-json\/wp\/v2\/types\/product"}],"replies":[{"embeddable":true,"href":"https:\/\/norwikpower.com\/es\/wp-json\/wp\/v2\/comments?post=153825"}],"version-history":[{"count":0,"href":"https:\/\/norwikpower.com\/es\/wp-json\/wp\/v2\/product\/153825\/revisions"}],"wp:featuredmedia":[{"embeddable":true,"href":"https:\/\/norwikpower.com\/es\/wp-json\/wp\/v2\/media\/157546"}],"wp:attachment":[{"href":"https:\/\/norwikpower.com\/es\/wp-json\/wp\/v2\/media?parent=153825"}],"wp:term":[{"taxonomy":"product_cat","embeddable":true,"href":"https:\/\/norwikpower.com\/es\/wp-json\/wp\/v2\/product_cat?post=153825"},{"taxonomy":"product_tag","embeddable":true,"href":"https:\/\/norwikpower.com\/es\/wp-json\/wp\/v2\/product_tag?post=153825"}],"curies":[{"name":"wp","href":"https:\/\/api.w.org\/{rel}","templated":true}]}}