{"id":154023,"date":"2025-03-21T17:34:04","date_gmt":"2025-03-21T16:34:04","guid":{"rendered":"https:\/\/norwikpower.com\/prodotti\/sin%20categor\u00eda\/nksu-dc-surface\/"},"modified":"2025-03-21T16:14:05","modified_gmt":"2025-03-21T15:14:05","slug":"nksu-dc-surface-2","status":"publish","type":"product","link":"https:\/\/norwikpower.com\/es\/productos\/bombas-solares\/nksu-dc-surface-2\/","title":{"rendered":"NKSU DC SURFACE"},"content":{"rendered":"","protected":false},"excerpt":{"rendered":"<p>Las bombas solares funcionan aprovechando de la energia solar y garantizan un buen desempe\u00f1o con un tama\u00f1o m\u00e1s peque\u00f1o en comparaci\u00f3n de otras bombas.<\/p>\n","protected":false},"featured_media":158738,"comment_status":"closed","ping_status":"open","template":"","meta":{"_acf_changed":false},"product_cat":[1719],"product_tag":[],"class_list":{"0":"post-154023","1":"product","2":"type-product","3":"status-publish","4":"has-post-thumbnail","6":"product_cat-bombas-solares","8":"first","9":"instock","10":"product-type-simple"},"acf":[],"_links":{"self":[{"href":"https:\/\/norwikpower.com\/es\/wp-json\/wp\/v2\/product\/154023"}],"collection":[{"href":"https:\/\/norwikpower.com\/es\/wp-json\/wp\/v2\/product"}],"about":[{"href":"https:\/\/norwikpower.com\/es\/wp-json\/wp\/v2\/types\/product"}],"replies":[{"embeddable":true,"href":"https:\/\/norwikpower.com\/es\/wp-json\/wp\/v2\/comments?post=154023"}],"version-history":[{"count":0,"href":"https:\/\/norwikpower.com\/es\/wp-json\/wp\/v2\/product\/154023\/revisions"}],"wp:featuredmedia":[{"embeddable":true,"href":"https:\/\/norwikpower.com\/es\/wp-json\/wp\/v2\/media\/158738"}],"wp:attachment":[{"href":"https:\/\/norwikpower.com\/es\/wp-json\/wp\/v2\/media?parent=154023"}],"wp:term":[{"taxonomy":"product_cat","embeddable":true,"href":"https:\/\/norwikpower.com\/es\/wp-json\/wp\/v2\/product_cat?post=154023"},{"taxonomy":"product_tag","embeddable":true,"href":"https:\/\/norwikpower.com\/es\/wp-json\/wp\/v2\/product_tag?post=154023"}],"curies":[{"name":"wp","href":"https:\/\/api.w.org\/{rel}","templated":true}]}}