{"id":154028,"date":"2025-03-21T17:34:09","date_gmt":"2025-03-21T16:34:09","guid":{"rendered":"https:\/\/norwikpower.com\/prodotti\/sin%20categor\u00eda\/4-nkip-dc-deep-well\/"},"modified":"2025-03-21T16:14:08","modified_gmt":"2025-03-21T15:14:08","slug":"4-nkip-dc-deep-well-2","status":"publish","type":"product","link":"https:\/\/norwikpower.com\/es\/productos\/bombas-solares\/4-nkip-dc-deep-well-2\/","title":{"rendered":"4&#8243; NKIP DC DEEP WELL"},"content":{"rendered":"","protected":false},"excerpt":{"rendered":"<p>Las bombas solares funcionan aprovechando de la energia solar y garantizan un buen desempe\u00f1o con un tama\u00f1o m\u00e1s peque\u00f1o en comparaci\u00f3n de otras bombas.<\/p>\n","protected":false},"featured_media":158758,"comment_status":"closed","ping_status":"open","template":"","meta":{"_acf_changed":false},"product_cat":[1719],"product_tag":[],"class_list":{"0":"post-154028","1":"product","2":"type-product","3":"status-publish","4":"has-post-thumbnail","6":"product_cat-bombas-solares","8":"first","9":"instock","10":"product-type-simple"},"acf":[],"_links":{"self":[{"href":"https:\/\/norwikpower.com\/es\/wp-json\/wp\/v2\/product\/154028"}],"collection":[{"href":"https:\/\/norwikpower.com\/es\/wp-json\/wp\/v2\/product"}],"about":[{"href":"https:\/\/norwikpower.com\/es\/wp-json\/wp\/v2\/types\/product"}],"replies":[{"embeddable":true,"href":"https:\/\/norwikpower.com\/es\/wp-json\/wp\/v2\/comments?post=154028"}],"version-history":[{"count":0,"href":"https:\/\/norwikpower.com\/es\/wp-json\/wp\/v2\/product\/154028\/revisions"}],"wp:featuredmedia":[{"embeddable":true,"href":"https:\/\/norwikpower.com\/es\/wp-json\/wp\/v2\/media\/158758"}],"wp:attachment":[{"href":"https:\/\/norwikpower.com\/es\/wp-json\/wp\/v2\/media?parent=154028"}],"wp:term":[{"taxonomy":"product_cat","embeddable":true,"href":"https:\/\/norwikpower.com\/es\/wp-json\/wp\/v2\/product_cat?post=154028"},{"taxonomy":"product_tag","embeddable":true,"href":"https:\/\/norwikpower.com\/es\/wp-json\/wp\/v2\/product_tag?post=154028"}],"curies":[{"name":"wp","href":"https:\/\/api.w.org\/{rel}","templated":true}]}}