{"id":154029,"date":"2025-03-21T17:34:16","date_gmt":"2025-03-21T16:34:16","guid":{"rendered":"https:\/\/norwikpower.com\/prodotti\/sin%20categor\u00eda\/tf-900\/"},"modified":"2025-03-21T16:14:09","modified_gmt":"2025-03-21T15:14:09","slug":"tf-900-2","status":"publish","type":"product","link":"https:\/\/norwikpower.com\/es\/productos\/pulverizadores\/tf-900-2\/","title":{"rendered":"TF-900"},"content":{"rendered":"","protected":false},"excerpt":{"rendered":"<p>Es un producto vers\u00e1til, pr\u00e1ctico, c\u00f3modo y ergon\u00f3mico. Se puede utilizar tanto en la agricultura para pulverizar pesticidas, como en jardines para el cuidado y protecci\u00f3n de las plantas. Tambi\u00e9n es adecuado para trabajos de riego, fertilizaci\u00f3n y uso prolongado.<\/p>\n","protected":false},"featured_media":158762,"comment_status":"closed","ping_status":"open","template":"","meta":{"_acf_changed":false},"product_cat":[1724],"product_tag":[],"class_list":{"0":"post-154029","1":"product","2":"type-product","3":"status-publish","4":"has-post-thumbnail","6":"product_cat-pulverizadores","7":"pa_cilindrata-26-cc-es","8":"pa_giri-6500-rpm-es","9":"pa_materiale-bomba-de-plastico","10":"pa_potenza-massima-0-7-kw-es","12":"first","13":"instock","14":"product-type-simple"},"acf":[],"_links":{"self":[{"href":"https:\/\/norwikpower.com\/es\/wp-json\/wp\/v2\/product\/154029"}],"collection":[{"href":"https:\/\/norwikpower.com\/es\/wp-json\/wp\/v2\/product"}],"about":[{"href":"https:\/\/norwikpower.com\/es\/wp-json\/wp\/v2\/types\/product"}],"replies":[{"embeddable":true,"href":"https:\/\/norwikpower.com\/es\/wp-json\/wp\/v2\/comments?post=154029"}],"version-history":[{"count":0,"href":"https:\/\/norwikpower.com\/es\/wp-json\/wp\/v2\/product\/154029\/revisions"}],"wp:featuredmedia":[{"embeddable":true,"href":"https:\/\/norwikpower.com\/es\/wp-json\/wp\/v2\/media\/158762"}],"wp:attachment":[{"href":"https:\/\/norwikpower.com\/es\/wp-json\/wp\/v2\/media?parent=154029"}],"wp:term":[{"taxonomy":"product_cat","embeddable":true,"href":"https:\/\/norwikpower.com\/es\/wp-json\/wp\/v2\/product_cat?post=154029"},{"taxonomy":"product_tag","embeddable":true,"href":"https:\/\/norwikpower.com\/es\/wp-json\/wp\/v2\/product_tag?post=154029"}],"curies":[{"name":"wp","href":"https:\/\/api.w.org\/{rel}","templated":true}]}}