{"id":154032,"date":"2025-03-21T17:34:28","date_gmt":"2025-03-21T16:34:28","guid":{"rendered":"https:\/\/norwikpower.com\/prodotti\/sin%20categor\u00eda\/6hyc-25m-ds\/"},"modified":"2025-03-21T16:14:12","modified_gmt":"2025-03-21T15:14:12","slug":"6hyc-25m-ds-2","status":"publish","type":"product","link":"https:\/\/norwikpower.com\/es\/productos\/nebulizadores\/6hyc-25m-ds-2\/","title":{"rendered":"6HYC-25M-DS"},"content":{"rendered":"","protected":false},"excerpt":{"rendered":"<p>Es una maquinaria agr\u00edcola muy avanzada. Se puede utilizar para la higiene urbana, la prevenci\u00f3n de epidemias a gran escala y la diezmaci\u00f3n de insectos en lugares p\u00fablicos, pero tambi\u00e9n se puede usar para rociar pesticidas de \u00e1rboles frutales, arroz, ma\u00edz y otros cultivos. Por lo tanto, se puede utilizar para la desinfecci\u00f3n en aerosol, para cultivos, f\u00e1bricas y zootecnia.<\/p>\n","protected":false},"featured_media":158806,"comment_status":"closed","ping_status":"open","template":"","meta":{"_acf_changed":false},"product_cat":[1727],"product_tag":[],"class_list":{"0":"post-154032","1":"product","2":"type-product","3":"status-publish","4":"has-post-thumbnail","6":"product_cat-nebulizadores","8":"first","9":"instock","10":"product-type-simple"},"acf":[],"_links":{"self":[{"href":"https:\/\/norwikpower.com\/es\/wp-json\/wp\/v2\/product\/154032"}],"collection":[{"href":"https:\/\/norwikpower.com\/es\/wp-json\/wp\/v2\/product"}],"about":[{"href":"https:\/\/norwikpower.com\/es\/wp-json\/wp\/v2\/types\/product"}],"replies":[{"embeddable":true,"href":"https:\/\/norwikpower.com\/es\/wp-json\/wp\/v2\/comments?post=154032"}],"version-history":[{"count":0,"href":"https:\/\/norwikpower.com\/es\/wp-json\/wp\/v2\/product\/154032\/revisions"}],"wp:featuredmedia":[{"embeddable":true,"href":"https:\/\/norwikpower.com\/es\/wp-json\/wp\/v2\/media\/158806"}],"wp:attachment":[{"href":"https:\/\/norwikpower.com\/es\/wp-json\/wp\/v2\/media?parent=154032"}],"wp:term":[{"taxonomy":"product_cat","embeddable":true,"href":"https:\/\/norwikpower.com\/es\/wp-json\/wp\/v2\/product_cat?post=154032"},{"taxonomy":"product_tag","embeddable":true,"href":"https:\/\/norwikpower.com\/es\/wp-json\/wp\/v2\/product_tag?post=154032"}],"curies":[{"name":"wp","href":"https:\/\/api.w.org\/{rel}","templated":true}]}}