{"id":154033,"date":"2025-03-21T17:34:28","date_gmt":"2025-03-21T16:34:28","guid":{"rendered":"https:\/\/norwikpower.com\/prodotti\/sin%20categor\u00eda\/epc-12\/"},"modified":"2025-03-21T16:14:12","modified_gmt":"2025-03-21T15:14:12","slug":"epc-12-2","status":"publish","type":"product","link":"https:\/\/norwikpower.com\/es\/productos\/presostatos\/epc-12-2\/","title":{"rendered":"EPC-12"},"content":{"rendered":"","protected":false},"excerpt":{"rendered":"<p>Presostato electr\u00f3nico utilizado en sistemas de agua. Pone en marcha autom\u00e1ticamente la electrobomba tras una reducci\u00f3n de presi\u00f3n (apertura de grifos) y la detiene cuando el caudal de fluido se detiene en el nivel m\u00e1ximo de presi\u00f3n de la electrobomba (grifos cerrados). Sustituye completamente al sistema tradicional de control de bombas compuesto por presostato mec\u00e1nico, dep\u00f3sito de presi\u00f3n, v\u00e1lvula antirretorno, etc.<br \/>\nDetiene la bomba de agua en caso de escasez de agua.<\/p>\n","protected":false},"featured_media":158810,"comment_status":"closed","ping_status":"open","template":"","meta":{"_acf_changed":false},"product_cat":[2092],"product_tag":[],"class_list":{"0":"post-154033","1":"product","2":"type-product","3":"status-publish","4":"has-post-thumbnail","6":"product_cat-presostatos","7":"pa_potenza-massima-11-kw-22-kw-es","9":"first","10":"instock","11":"product-type-simple"},"acf":[],"_links":{"self":[{"href":"https:\/\/norwikpower.com\/es\/wp-json\/wp\/v2\/product\/154033"}],"collection":[{"href":"https:\/\/norwikpower.com\/es\/wp-json\/wp\/v2\/product"}],"about":[{"href":"https:\/\/norwikpower.com\/es\/wp-json\/wp\/v2\/types\/product"}],"replies":[{"embeddable":true,"href":"https:\/\/norwikpower.com\/es\/wp-json\/wp\/v2\/comments?post=154033"}],"version-history":[{"count":0,"href":"https:\/\/norwikpower.com\/es\/wp-json\/wp\/v2\/product\/154033\/revisions"}],"wp:featuredmedia":[{"embeddable":true,"href":"https:\/\/norwikpower.com\/es\/wp-json\/wp\/v2\/media\/158810"}],"wp:attachment":[{"href":"https:\/\/norwikpower.com\/es\/wp-json\/wp\/v2\/media?parent=154033"}],"wp:term":[{"taxonomy":"product_cat","embeddable":true,"href":"https:\/\/norwikpower.com\/es\/wp-json\/wp\/v2\/product_cat?post=154033"},{"taxonomy":"product_tag","embeddable":true,"href":"https:\/\/norwikpower.com\/es\/wp-json\/wp\/v2\/product_tag?post=154033"}],"curies":[{"name":"wp","href":"https:\/\/api.w.org\/{rel}","templated":true}]}}