{"id":154055,"date":"2025-03-21T17:35:15","date_gmt":"2025-03-21T16:35:15","guid":{"rendered":"https:\/\/norwikpower.com\/prodotti\/sin%20categor\u00eda\/os-45a1n\/"},"modified":"2025-06-20T11:30:12","modified_gmt":"2025-06-20T09:30:12","slug":"os-45a1n-2","status":"publish","type":"product","link":"https:\/\/norwikpower.com\/es\/productos\/pulverizadores\/os-45a1n-2\/","title":{"rendered":"NK-45A1N"},"content":{"rendered":"","protected":false},"excerpt":{"rendered":"<p>Bomba de agua accionada por correa en tama\u00f1o medio a grande con regulador de presi\u00f3n manual<br \/>\nNormalmente se utiliza como unidad central del sistema de riego con mangueras de alta presi\u00f3n o tuber\u00edas de acero inoxidable.<br \/>\nEs adecuado para su uso en grandes jardines, grandes invernaderos o zonas monta\u00f1osas con huertos. Tambi\u00e9n es adecuado para extraer agua de r\u00edos bajos y transportarla al almacenamiento de agua en pendientes.<\/p>\n","protected":false},"featured_media":158946,"comment_status":"closed","ping_status":"closed","template":"","meta":{"_acf_changed":false},"product_cat":[1724],"product_tag":[],"class_list":{"0":"post-154055","1":"product","2":"type-product","3":"status-publish","4":"has-post-thumbnail","6":"product_cat-pulverizadores","7":"pa_giri-800-1200-rpm-es","8":"pa_potenza-massima-6-5-7-0-hp-es","9":"pa_pressione-massima-40-bar-es","11":"first","12":"instock","13":"product-type-simple"},"acf":[],"_links":{"self":[{"href":"https:\/\/norwikpower.com\/es\/wp-json\/wp\/v2\/product\/154055"}],"collection":[{"href":"https:\/\/norwikpower.com\/es\/wp-json\/wp\/v2\/product"}],"about":[{"href":"https:\/\/norwikpower.com\/es\/wp-json\/wp\/v2\/types\/product"}],"replies":[{"embeddable":true,"href":"https:\/\/norwikpower.com\/es\/wp-json\/wp\/v2\/comments?post=154055"}],"version-history":[{"count":1,"href":"https:\/\/norwikpower.com\/es\/wp-json\/wp\/v2\/product\/154055\/revisions"}],"predecessor-version":[{"id":161845,"href":"https:\/\/norwikpower.com\/es\/wp-json\/wp\/v2\/product\/154055\/revisions\/161845"}],"wp:featuredmedia":[{"embeddable":true,"href":"https:\/\/norwikpower.com\/es\/wp-json\/wp\/v2\/media\/158946"}],"wp:attachment":[{"href":"https:\/\/norwikpower.com\/es\/wp-json\/wp\/v2\/media?parent=154055"}],"wp:term":[{"taxonomy":"product_cat","embeddable":true,"href":"https:\/\/norwikpower.com\/es\/wp-json\/wp\/v2\/product_cat?post=154055"},{"taxonomy":"product_tag","embeddable":true,"href":"https:\/\/norwikpower.com\/es\/wp-json\/wp\/v2\/product_tag?post=154055"}],"curies":[{"name":"wp","href":"https:\/\/api.w.org\/{rel}","templated":true}]}}