{"id":154060,"date":"2025-03-21T17:18:58","date_gmt":"2025-03-21T16:18:58","guid":{"rendered":"https:\/\/norwikpower.com\/prodotti\/non%20class\u00e9\/qb80\/"},"modified":"2025-03-21T16:21:19","modified_gmt":"2025-03-21T15:21:19","slug":"qb80","status":"publish","type":"product","link":"https:\/\/norwikpower.com\/fr\/produits\/electropompes\/peripheriques\/qb80\/","title":{"rendered":"QB80"},"content":{"rendered":"","protected":false},"excerpt":{"rendered":"<p>Les pompes p\u00e9riph\u00e9riques conviennent au pompage de l&rsquo;eau propre.<br \/>\nIls sont particuli\u00e8rement adapt\u00e9s aux applications domestiques telles que l&rsquo;aspiration de l&rsquo;eau des puits, des piscines, etc.<br \/>\nIls conviennent \u00e9galement lorsqu&rsquo;il faut augmenter la pression de l&rsquo;eau, pour le jardinage et pour les syst\u00e8mes automatiques de pompage de l&rsquo;eau lorsqu&rsquo;ils sont combin\u00e9s \u00e0 d&rsquo;autres \u00e9quipements.<\/p>\n","protected":false},"featured_media":156929,"comment_status":"closed","ping_status":"open","template":"","meta":{"_acf_changed":false},"product_cat":[1729,1730],"product_tag":[],"class_list":{"0":"post-154060","1":"product","2":"type-product","3":"status-publish","4":"has-post-thumbnail","6":"product_cat-electropompes","7":"product_cat-peripheriques","8":"pa_portata-60-l-min-fr","9":"pa_potenza-massima-0-75-kw-fr","10":"pa_prevalenza-55-m-fr","12":"first","13":"instock","14":"product-type-simple"},"acf":[],"_links":{"self":[{"href":"https:\/\/norwikpower.com\/fr\/wp-json\/wp\/v2\/product\/154060"}],"collection":[{"href":"https:\/\/norwikpower.com\/fr\/wp-json\/wp\/v2\/product"}],"about":[{"href":"https:\/\/norwikpower.com\/fr\/wp-json\/wp\/v2\/types\/product"}],"replies":[{"embeddable":true,"href":"https:\/\/norwikpower.com\/fr\/wp-json\/wp\/v2\/comments?post=154060"}],"version-history":[{"count":0,"href":"https:\/\/norwikpower.com\/fr\/wp-json\/wp\/v2\/product\/154060\/revisions"}],"wp:featuredmedia":[{"embeddable":true,"href":"https:\/\/norwikpower.com\/fr\/wp-json\/wp\/v2\/media\/156929"}],"wp:attachment":[{"href":"https:\/\/norwikpower.com\/fr\/wp-json\/wp\/v2\/media?parent=154060"}],"wp:term":[{"taxonomy":"product_cat","embeddable":true,"href":"https:\/\/norwikpower.com\/fr\/wp-json\/wp\/v2\/product_cat?post=154060"},{"taxonomy":"product_tag","embeddable":true,"href":"https:\/\/norwikpower.com\/fr\/wp-json\/wp\/v2\/product_tag?post=154060"}],"curies":[{"name":"wp","href":"https:\/\/api.w.org\/{rel}","templated":true}]}}