{"id":154061,"date":"2025-03-21T17:19:05","date_gmt":"2025-03-21T16:19:05","guid":{"rendered":"https:\/\/norwikpower.com\/prodotti\/non%20class\u00e9\/cpm130\/"},"modified":"2025-03-21T16:21:20","modified_gmt":"2025-03-21T15:21:20","slug":"cpm130","status":"publish","type":"product","link":"https:\/\/norwikpower.com\/fr\/produits\/electropompes\/centrifuges\/cpm130\/","title":{"rendered":"CPm130"},"content":{"rendered":"","protected":false},"excerpt":{"rendered":"<p>Les pompes centrifuges conviennent aux applications domestiques et industrielles. Ils sont utilis\u00e9s pour transporter des liquides propres et des fluides chimiques non agressifs. Ces pompes se caract\u00e9risent par une faible hauteur de charge et un d\u00e9bit \u00e9lev\u00e9.<\/p>\n","protected":false},"featured_media":156933,"comment_status":"closed","ping_status":"open","template":"","meta":{"_acf_changed":false},"product_cat":[1729,1733],"product_tag":[],"class_list":{"0":"post-154061","1":"product","2":"type-product","3":"status-publish","4":"has-post-thumbnail","6":"product_cat-electropompes","7":"product_cat-centrifuges","8":"pa_portata-80-l-min-fr","9":"pa_potenza-massima-0-37-kw-fr","10":"pa_prevalenza-18-m-fr","12":"first","13":"instock","14":"product-type-simple"},"acf":[],"_links":{"self":[{"href":"https:\/\/norwikpower.com\/fr\/wp-json\/wp\/v2\/product\/154061"}],"collection":[{"href":"https:\/\/norwikpower.com\/fr\/wp-json\/wp\/v2\/product"}],"about":[{"href":"https:\/\/norwikpower.com\/fr\/wp-json\/wp\/v2\/types\/product"}],"replies":[{"embeddable":true,"href":"https:\/\/norwikpower.com\/fr\/wp-json\/wp\/v2\/comments?post=154061"}],"version-history":[{"count":0,"href":"https:\/\/norwikpower.com\/fr\/wp-json\/wp\/v2\/product\/154061\/revisions"}],"wp:featuredmedia":[{"embeddable":true,"href":"https:\/\/norwikpower.com\/fr\/wp-json\/wp\/v2\/media\/156933"}],"wp:attachment":[{"href":"https:\/\/norwikpower.com\/fr\/wp-json\/wp\/v2\/media?parent=154061"}],"wp:term":[{"taxonomy":"product_cat","embeddable":true,"href":"https:\/\/norwikpower.com\/fr\/wp-json\/wp\/v2\/product_cat?post=154061"},{"taxonomy":"product_tag","embeddable":true,"href":"https:\/\/norwikpower.com\/fr\/wp-json\/wp\/v2\/product_tag?post=154061"}],"curies":[{"name":"wp","href":"https:\/\/api.w.org\/{rel}","templated":true}]}}