{"id":154100,"date":"2025-03-21T17:20:23","date_gmt":"2025-03-21T16:20:23","guid":{"rendered":"https:\/\/norwikpower.com\/prodotti\/non%20class\u00e9\/cv45\/"},"modified":"2025-03-21T16:22:29","modified_gmt":"2025-03-21T15:22:29","slug":"cv45","status":"publish","type":"product","link":"https:\/\/norwikpower.com\/fr\/produits\/electropompes\/multietages-verticales\/cv45\/","title":{"rendered":"CV45"},"content":{"rendered":"","protected":false},"excerpt":{"rendered":"<p>Les pompes multicellulaires verticales conviennent au pompage de liquides \u00e0 faible viscosit\u00e9, ininflammables et non explosifs, ne contenant ni particules solides ni fibres.<br \/>\n Alimentation et \u00e9vacuation de l&rsquo;eau pour les immeubles de grande hauteur, filtration et transfert dans les aqueducs, augmentation de la pression dans les conduites principales. Syst\u00e8mes de rin\u00e7age et de nettoyage, alimentation des chaudi\u00e8res, circulation de l&rsquo;eau de refroidissement, syst\u00e8mes de traitement de l&rsquo;eau, syst\u00e8mes auxiliaires et \u00e9quipements de soutien. Syst\u00e8mes d&rsquo;ultra-filtration, syst\u00e8mes d&rsquo;osmose inverse, syst\u00e8mes de distillation, s\u00e9parateurs, piscines. Irrigation agricole, irrigation par aspersion, irrigation au goutte-\u00e0-goutte.<br \/>\nL&rsquo;industrie alimentaire et des boissons et les syst\u00e8mes de lutte contre l&rsquo;incendie.<\/p>\n","protected":false},"featured_media":157089,"comment_status":"closed","ping_status":"open","template":"","meta":{"_acf_changed":false},"product_cat":[1729,1745],"product_tag":[],"class_list":{"0":"post-154100","1":"product","2":"type-product","3":"status-publish","4":"has-post-thumbnail","6":"product_cat-electropompes","7":"product_cat-multietages-verticales","9":"first","10":"instock","11":"product-type-simple"},"acf":[],"_links":{"self":[{"href":"https:\/\/norwikpower.com\/fr\/wp-json\/wp\/v2\/product\/154100"}],"collection":[{"href":"https:\/\/norwikpower.com\/fr\/wp-json\/wp\/v2\/product"}],"about":[{"href":"https:\/\/norwikpower.com\/fr\/wp-json\/wp\/v2\/types\/product"}],"replies":[{"embeddable":true,"href":"https:\/\/norwikpower.com\/fr\/wp-json\/wp\/v2\/comments?post=154100"}],"version-history":[{"count":0,"href":"https:\/\/norwikpower.com\/fr\/wp-json\/wp\/v2\/product\/154100\/revisions"}],"wp:featuredmedia":[{"embeddable":true,"href":"https:\/\/norwikpower.com\/fr\/wp-json\/wp\/v2\/media\/157089"}],"wp:attachment":[{"href":"https:\/\/norwikpower.com\/fr\/wp-json\/wp\/v2\/media?parent=154100"}],"wp:term":[{"taxonomy":"product_cat","embeddable":true,"href":"https:\/\/norwikpower.com\/fr\/wp-json\/wp\/v2\/product_cat?post=154100"},{"taxonomy":"product_tag","embeddable":true,"href":"https:\/\/norwikpower.com\/fr\/wp-json\/wp\/v2\/product_tag?post=154100"}],"curies":[{"name":"wp","href":"https:\/\/api.w.org\/{rel}","templated":true}]}}