{"id":154104,"date":"2025-03-21T17:20:28","date_gmt":"2025-03-21T16:20:28","guid":{"rendered":"https:\/\/norwikpower.com\/prodotti\/non%20class\u00e9\/jet80s\/"},"modified":"2025-03-21T16:22:31","modified_gmt":"2025-03-21T15:22:31","slug":"jet80s","status":"publish","type":"product","link":"https:\/\/norwikpower.com\/fr\/produits\/electropompes\/auto-amorcante\/jet80s\/","title":{"rendered":"JET80S"},"content":{"rendered":"","protected":false},"excerpt":{"rendered":"<p>Les pompes auto-amor\u00e7antes sont \u00e9quip\u00e9es d&rsquo;un syst\u00e8me Venturi. Ils conviennent au transport d&rsquo;eau propre et de fluides chimiques non agressifs, m\u00eame de liquides m\u00e9lang\u00e9s \u00e0 du gaz, \u00e0 partir de puits en service continu.<br \/>\nIls conviennent \u00e9galement pour augmenter la pression de l&rsquo;eau dans les syst\u00e8mes d&rsquo;eau centralis\u00e9s, pour les petits syst\u00e8mes d&rsquo;irrigation, pour l&rsquo;arrosage des jardins, pour les syst\u00e8mes de lavage avec jets d&rsquo;eau, pour les fontaines, etc.<br \/>\nIl est normalement conseill\u00e9 d&rsquo;installer un clapet de pied sur l&rsquo;extr\u00e9mit\u00e9 d&rsquo;aspiration.<\/p>\n","protected":false},"featured_media":157105,"comment_status":"closed","ping_status":"open","template":"","meta":{"_acf_changed":false},"product_cat":[1729,1746],"product_tag":[],"class_list":{"0":"post-154104","1":"product","2":"type-product","3":"status-publish","4":"has-post-thumbnail","6":"product_cat-electropompes","7":"product_cat-auto-amorcante","8":"pa_portata-50-l-min-fr-2","9":"pa_potenza-massima-0-55-kw-fr","10":"pa_prevalenza-44-m-fr","12":"first","13":"instock","14":"product-type-simple"},"acf":[],"_links":{"self":[{"href":"https:\/\/norwikpower.com\/fr\/wp-json\/wp\/v2\/product\/154104"}],"collection":[{"href":"https:\/\/norwikpower.com\/fr\/wp-json\/wp\/v2\/product"}],"about":[{"href":"https:\/\/norwikpower.com\/fr\/wp-json\/wp\/v2\/types\/product"}],"replies":[{"embeddable":true,"href":"https:\/\/norwikpower.com\/fr\/wp-json\/wp\/v2\/comments?post=154104"}],"version-history":[{"count":0,"href":"https:\/\/norwikpower.com\/fr\/wp-json\/wp\/v2\/product\/154104\/revisions"}],"wp:featuredmedia":[{"embeddable":true,"href":"https:\/\/norwikpower.com\/fr\/wp-json\/wp\/v2\/media\/157105"}],"wp:attachment":[{"href":"https:\/\/norwikpower.com\/fr\/wp-json\/wp\/v2\/media?parent=154104"}],"wp:term":[{"taxonomy":"product_cat","embeddable":true,"href":"https:\/\/norwikpower.com\/fr\/wp-json\/wp\/v2\/product_cat?post=154104"},{"taxonomy":"product_tag","embeddable":true,"href":"https:\/\/norwikpower.com\/fr\/wp-json\/wp\/v2\/product_tag?post=154104"}],"curies":[{"name":"wp","href":"https:\/\/api.w.org\/{rel}","templated":true}]}}