{"id":154116,"date":"2025-03-21T17:20:57","date_gmt":"2025-03-21T16:20:57","guid":{"rendered":"https:\/\/norwikpower.com\/prodotti\/non%20class\u00e9\/rs32-6-180\/"},"modified":"2025-03-21T16:22:40","modified_gmt":"2025-03-21T15:22:40","slug":"rs32-6-180","status":"publish","type":"product","link":"https:\/\/norwikpower.com\/fr\/produits\/electropompes\/recirculation\/rs32-6-180\/","title":{"rendered":"RS32-6-180"},"content":{"rendered":"","protected":false},"excerpt":{"rendered":"<p>Les pompes de recirculation peuvent \u00eatre utilis\u00e9es dans les syst\u00e8mes de chauffage, de refroidissement, de climatisation, les chaudi\u00e8res et les syst\u00e8mes solaires \u00e0 un ou deux tuyaux.<\/p>\n","protected":false},"featured_media":157153,"comment_status":"closed","ping_status":"open","template":"","meta":{"_acf_changed":false},"product_cat":[1729,1749],"product_tag":[],"class_list":{"0":"post-154116","1":"product","2":"type-product","3":"status-publish","4":"has-post-thumbnail","6":"product_cat-electropompes","7":"product_cat-recirculation","8":"pa_diametro-connettori-g2-inch-fr","9":"pa_lunghezza-pompa-180-mm-fr","10":"pa_portata-6-5-3-m-fr","12":"first","13":"instock","14":"product-type-simple"},"acf":[],"_links":{"self":[{"href":"https:\/\/norwikpower.com\/fr\/wp-json\/wp\/v2\/product\/154116"}],"collection":[{"href":"https:\/\/norwikpower.com\/fr\/wp-json\/wp\/v2\/product"}],"about":[{"href":"https:\/\/norwikpower.com\/fr\/wp-json\/wp\/v2\/types\/product"}],"replies":[{"embeddable":true,"href":"https:\/\/norwikpower.com\/fr\/wp-json\/wp\/v2\/comments?post=154116"}],"version-history":[{"count":0,"href":"https:\/\/norwikpower.com\/fr\/wp-json\/wp\/v2\/product\/154116\/revisions"}],"wp:featuredmedia":[{"embeddable":true,"href":"https:\/\/norwikpower.com\/fr\/wp-json\/wp\/v2\/media\/157153"}],"wp:attachment":[{"href":"https:\/\/norwikpower.com\/fr\/wp-json\/wp\/v2\/media?parent=154116"}],"wp:term":[{"taxonomy":"product_cat","embeddable":true,"href":"https:\/\/norwikpower.com\/fr\/wp-json\/wp\/v2\/product_cat?post=154116"},{"taxonomy":"product_tag","embeddable":true,"href":"https:\/\/norwikpower.com\/fr\/wp-json\/wp\/v2\/product_tag?post=154116"}],"curies":[{"name":"wp","href":"https:\/\/api.w.org\/{rel}","templated":true}]}}