{"id":154130,"date":"2025-03-21T17:21:37","date_gmt":"2025-03-21T16:21:37","guid":{"rendered":"https:\/\/norwikpower.com\/prodotti\/non%20class\u00e9\/wda150\/"},"modified":"2025-03-21T16:22:54","modified_gmt":"2025-03-21T15:22:54","slug":"wda150","status":"publish","type":"product","link":"https:\/\/norwikpower.com\/fr\/produits\/electropompes\/piscine-spa-et-jacuzzi\/wda150\/","title":{"rendered":"WDA150"},"content":{"rendered":"","protected":false},"excerpt":{"rendered":"<p>Les pompes pour bains \u00e0 remous sont particuli\u00e8rement adapt\u00e9es aux bains \u00e0 remous et au transport de l&rsquo;eau de mer.<br \/>\n liquides faiblement corrosifs (acides et alcalis faibles) sans granul\u00e9s solides<\/p>\n","protected":false},"featured_media":157209,"comment_status":"closed","ping_status":"open","template":"","meta":{"_acf_changed":false},"product_cat":[1729,1756],"product_tag":[],"class_list":{"0":"post-154130","1":"product","2":"type-product","3":"status-publish","4":"has-post-thumbnail","6":"product_cat-electropompes","7":"product_cat-piscine-spa-et-jacuzzi","8":"pa_portata-420-l-min-fr","9":"pa_potenza-massima-0-90-kw-fr","10":"pa_prevalenza-16-00-m-fr","12":"first","13":"instock","14":"product-type-simple"},"acf":[],"_links":{"self":[{"href":"https:\/\/norwikpower.com\/fr\/wp-json\/wp\/v2\/product\/154130"}],"collection":[{"href":"https:\/\/norwikpower.com\/fr\/wp-json\/wp\/v2\/product"}],"about":[{"href":"https:\/\/norwikpower.com\/fr\/wp-json\/wp\/v2\/types\/product"}],"replies":[{"embeddable":true,"href":"https:\/\/norwikpower.com\/fr\/wp-json\/wp\/v2\/comments?post=154130"}],"version-history":[{"count":0,"href":"https:\/\/norwikpower.com\/fr\/wp-json\/wp\/v2\/product\/154130\/revisions"}],"wp:featuredmedia":[{"embeddable":true,"href":"https:\/\/norwikpower.com\/fr\/wp-json\/wp\/v2\/media\/157209"}],"wp:attachment":[{"href":"https:\/\/norwikpower.com\/fr\/wp-json\/wp\/v2\/media?parent=154130"}],"wp:term":[{"taxonomy":"product_cat","embeddable":true,"href":"https:\/\/norwikpower.com\/fr\/wp-json\/wp\/v2\/product_cat?post=154130"},{"taxonomy":"product_tag","embeddable":true,"href":"https:\/\/norwikpower.com\/fr\/wp-json\/wp\/v2\/product_tag?post=154130"}],"curies":[{"name":"wp","href":"https:\/\/api.w.org\/{rel}","templated":true}]}}