{"id":154144,"date":"2025-03-21T17:22:10","date_gmt":"2025-03-21T16:22:10","guid":{"rendered":"https:\/\/norwikpower.com\/prodotti\/non%20class\u00e9\/48wua1003c-i\/"},"modified":"2025-03-21T16:23:04","modified_gmt":"2025-03-21T15:23:04","slug":"48wua1003c-i","status":"publish","type":"product","link":"https:\/\/norwikpower.com\/fr\/produits\/electropompes\/piscine-spa-et-jacuzzi\/48wua1003c-i\/","title":{"rendered":"48WUA1003C-I"},"content":{"rendered":"","protected":false},"excerpt":{"rendered":"<p>Les pompes de piscine s&rsquo;appliquent \u00e0 la circulation des liquides et \u00e0 la filtration dans les spas, les piscines, les stations de traitement de l&rsquo;eau et les bassins de d\u00e9coration.<\/p>\n","protected":false},"featured_media":157265,"comment_status":"closed","ping_status":"open","template":"","meta":{"_acf_changed":false},"product_cat":[1729,1756],"product_tag":[],"class_list":{"0":"post-154144","1":"product","2":"type-product","3":"status-publish","4":"has-post-thumbnail","6":"product_cat-electropompes","7":"product_cat-piscine-spa-et-jacuzzi","8":"pa_portata-500-l-min-fr","9":"pa_potenza-massima-1-5-kw-fr","10":"pa_prevalenza-16-m-fr","12":"first","13":"instock","14":"product-type-simple"},"acf":[],"_links":{"self":[{"href":"https:\/\/norwikpower.com\/fr\/wp-json\/wp\/v2\/product\/154144"}],"collection":[{"href":"https:\/\/norwikpower.com\/fr\/wp-json\/wp\/v2\/product"}],"about":[{"href":"https:\/\/norwikpower.com\/fr\/wp-json\/wp\/v2\/types\/product"}],"replies":[{"embeddable":true,"href":"https:\/\/norwikpower.com\/fr\/wp-json\/wp\/v2\/comments?post=154144"}],"version-history":[{"count":0,"href":"https:\/\/norwikpower.com\/fr\/wp-json\/wp\/v2\/product\/154144\/revisions"}],"wp:featuredmedia":[{"embeddable":true,"href":"https:\/\/norwikpower.com\/fr\/wp-json\/wp\/v2\/media\/157265"}],"wp:attachment":[{"href":"https:\/\/norwikpower.com\/fr\/wp-json\/wp\/v2\/media?parent=154144"}],"wp:term":[{"taxonomy":"product_cat","embeddable":true,"href":"https:\/\/norwikpower.com\/fr\/wp-json\/wp\/v2\/product_cat?post=154144"},{"taxonomy":"product_tag","embeddable":true,"href":"https:\/\/norwikpower.com\/fr\/wp-json\/wp\/v2\/product_tag?post=154144"}],"curies":[{"name":"wp","href":"https:\/\/api.w.org\/{rel}","templated":true}]}}