{"id":154154,"date":"2025-03-21T17:22:40","date_gmt":"2025-03-21T16:22:40","guid":{"rendered":"https:\/\/norwikpower.com\/prodotti\/non%20class\u00e9\/q550103\/"},"modified":"2025-03-21T16:23:13","modified_gmt":"2025-03-21T15:23:13","slug":"q550103","status":"publish","type":"product","link":"https:\/\/norwikpower.com\/fr\/produits\/electropompes\/submersibles\/q550103\/","title":{"rendered":"Q550103"},"content":{"rendered":"","protected":false},"excerpt":{"rendered":"<p>Les pompes submersibles sont dot\u00e9es d&rsquo;un interrupteur \u00e0 flotteur et d&rsquo;une d\u00e9charge sup\u00e9rieure pour l&rsquo;eau propre. Elles sont disponibles avec un corps de pompe principal en plastique ou en acier inoxydable.<\/p>\n","protected":false},"featured_media":157305,"comment_status":"closed","ping_status":"open","template":"","meta":{"_acf_changed":false},"product_cat":[1729,1761],"product_tag":[],"class_list":{"0":"post-154154","1":"product","2":"type-product","3":"status-publish","4":"has-post-thumbnail","6":"product_cat-electropompes","7":"product_cat-submersibles","8":"pa_portata-11-m-h-fr","9":"pa_potenza-massima-0-6-kw-fr","10":"pa_prevalenza-8-m-fr","12":"first","13":"instock","14":"product-type-simple"},"acf":[],"_links":{"self":[{"href":"https:\/\/norwikpower.com\/fr\/wp-json\/wp\/v2\/product\/154154"}],"collection":[{"href":"https:\/\/norwikpower.com\/fr\/wp-json\/wp\/v2\/product"}],"about":[{"href":"https:\/\/norwikpower.com\/fr\/wp-json\/wp\/v2\/types\/product"}],"replies":[{"embeddable":true,"href":"https:\/\/norwikpower.com\/fr\/wp-json\/wp\/v2\/comments?post=154154"}],"version-history":[{"count":0,"href":"https:\/\/norwikpower.com\/fr\/wp-json\/wp\/v2\/product\/154154\/revisions"}],"wp:featuredmedia":[{"embeddable":true,"href":"https:\/\/norwikpower.com\/fr\/wp-json\/wp\/v2\/media\/157305"}],"wp:attachment":[{"href":"https:\/\/norwikpower.com\/fr\/wp-json\/wp\/v2\/media?parent=154154"}],"wp:term":[{"taxonomy":"product_cat","embeddable":true,"href":"https:\/\/norwikpower.com\/fr\/wp-json\/wp\/v2\/product_cat?post=154154"},{"taxonomy":"product_tag","embeddable":true,"href":"https:\/\/norwikpower.com\/fr\/wp-json\/wp\/v2\/product_tag?post=154154"}],"curies":[{"name":"wp","href":"https:\/\/api.w.org\/{rel}","templated":true}]}}