{"id":154158,"date":"2025-03-21T17:22:49","date_gmt":"2025-03-21T16:22:49","guid":{"rendered":"https:\/\/norwikpower.com\/prodotti\/non%20class\u00e9\/fsm2-4f\/"},"modified":"2025-03-21T16:23:19","modified_gmt":"2025-03-21T15:23:19","slug":"fsm2-4f","status":"publish","type":"product","link":"https:\/\/norwikpower.com\/fr\/produits\/electropompes\/submersibles\/fsm2-4f\/","title":{"rendered":"FS(M)2.4(F)"},"content":{"rendered":"","protected":false},"excerpt":{"rendered":"<p>Les pompes submersibles sont dot\u00e9es d&rsquo;un interrupteur \u00e0 flotteur et d&rsquo;une d\u00e9charge sup\u00e9rieure pour l&rsquo;eau propre. Elles sont disponibles avec un corps de pompe principal en plastique ou en acier inoxydable.<\/p>\n","protected":false},"featured_media":157321,"comment_status":"closed","ping_status":"open","template":"","meta":{"_acf_changed":false},"product_cat":[1729,1761],"product_tag":[],"class_list":{"0":"post-154158","1":"product","2":"type-product","3":"status-publish","4":"has-post-thumbnail","6":"product_cat-electropompes","7":"product_cat-submersibles","8":"pa_portata-12-6-m-h-fr","9":"pa_potenza-massima-0-4-kw-fr","10":"pa_prevalenza-12-m-fr","12":"first","13":"instock","14":"product-type-simple"},"acf":[],"_links":{"self":[{"href":"https:\/\/norwikpower.com\/fr\/wp-json\/wp\/v2\/product\/154158"}],"collection":[{"href":"https:\/\/norwikpower.com\/fr\/wp-json\/wp\/v2\/product"}],"about":[{"href":"https:\/\/norwikpower.com\/fr\/wp-json\/wp\/v2\/types\/product"}],"replies":[{"embeddable":true,"href":"https:\/\/norwikpower.com\/fr\/wp-json\/wp\/v2\/comments?post=154158"}],"version-history":[{"count":0,"href":"https:\/\/norwikpower.com\/fr\/wp-json\/wp\/v2\/product\/154158\/revisions"}],"wp:featuredmedia":[{"embeddable":true,"href":"https:\/\/norwikpower.com\/fr\/wp-json\/wp\/v2\/media\/157321"}],"wp:attachment":[{"href":"https:\/\/norwikpower.com\/fr\/wp-json\/wp\/v2\/media?parent=154158"}],"wp:term":[{"taxonomy":"product_cat","embeddable":true,"href":"https:\/\/norwikpower.com\/fr\/wp-json\/wp\/v2\/product_cat?post=154158"},{"taxonomy":"product_tag","embeddable":true,"href":"https:\/\/norwikpower.com\/fr\/wp-json\/wp\/v2\/product_tag?post=154158"}],"curies":[{"name":"wp","href":"https:\/\/api.w.org\/{rel}","templated":true}]}}