{"id":154188,"date":"2025-03-21T17:24:08","date_gmt":"2025-03-21T16:24:08","guid":{"rendered":"https:\/\/norwikpower.com\/prodotti\/non%20class\u00e9\/100u411\/"},"modified":"2025-03-21T16:23:46","modified_gmt":"2025-03-21T15:23:46","slug":"100u411","status":"publish","type":"product","link":"https:\/\/norwikpower.com\/fr\/produits\/electropompes\/degout\/100u411\/","title":{"rendered":"100U411"},"content":{"rendered":"","protected":false},"excerpt":{"rendered":"<p>La turbine vortex est situ\u00e9e \u00e0 l&rsquo;ext\u00e9rieur de la volute : ainsi, toute mati\u00e8re solide qui pourrait p\u00e9n\u00e9trer dans l&rsquo;aspiration est en mesure de passent \u00e0 travers le bo\u00eetier par l&rsquo;effet de vortex. La garniture m\u00e9canique Sic a une grande r\u00e9sistance \u00e0 l&rsquo;usure.<br \/>\nLe syst\u00e8me d&rsquo;entr\u00e9e de c\u00e2ble \u00e9tanche prot\u00e8ge le moteur de l&rsquo;eau et de l&rsquo;humidit\u00e9 en cas de c\u00e2bles endommag\u00e9s et immerg\u00e9s.<br \/>\nLe protecteur thermique int\u00e9gr\u00e9 arr\u00eate automatiquement la pompe en cas de phase ouverte, de court-circuit, de surcharge et de surchauffe..<\/p>\n","protected":false},"featured_media":157441,"comment_status":"closed","ping_status":"open","template":"","meta":{"_acf_changed":false},"product_cat":[1729,1769],"product_tag":[],"class_list":{"0":"post-154188","1":"product","2":"type-product","3":"status-publish","4":"has-post-thumbnail","6":"product_cat-electropompes","7":"product_cat-degout","8":"pa_portata-190-m-h-fr","9":"pa_potenza-massima-11-kw-fr","10":"pa_prevalenza-18-m-fr","12":"first","13":"instock","14":"product-type-simple"},"acf":[],"_links":{"self":[{"href":"https:\/\/norwikpower.com\/fr\/wp-json\/wp\/v2\/product\/154188"}],"collection":[{"href":"https:\/\/norwikpower.com\/fr\/wp-json\/wp\/v2\/product"}],"about":[{"href":"https:\/\/norwikpower.com\/fr\/wp-json\/wp\/v2\/types\/product"}],"replies":[{"embeddable":true,"href":"https:\/\/norwikpower.com\/fr\/wp-json\/wp\/v2\/comments?post=154188"}],"version-history":[{"count":0,"href":"https:\/\/norwikpower.com\/fr\/wp-json\/wp\/v2\/product\/154188\/revisions"}],"wp:featuredmedia":[{"embeddable":true,"href":"https:\/\/norwikpower.com\/fr\/wp-json\/wp\/v2\/media\/157441"}],"wp:attachment":[{"href":"https:\/\/norwikpower.com\/fr\/wp-json\/wp\/v2\/media?parent=154188"}],"wp:term":[{"taxonomy":"product_cat","embeddable":true,"href":"https:\/\/norwikpower.com\/fr\/wp-json\/wp\/v2\/product_cat?post=154188"},{"taxonomy":"product_tag","embeddable":true,"href":"https:\/\/norwikpower.com\/fr\/wp-json\/wp\/v2\/product_tag?post=154188"}],"curies":[{"name":"wp","href":"https:\/\/api.w.org\/{rel}","templated":true}]}}