{"id":154191,"date":"2025-03-21T17:24:14","date_gmt":"2025-03-21T16:24:14","guid":{"rendered":"https:\/\/norwikpower.com\/prodotti\/non%20class\u00e9\/100b27-5\/"},"modified":"2025-03-21T16:23:47","modified_gmt":"2025-03-21T15:23:47","slug":"100b27-5","status":"publish","type":"product","link":"https:\/\/norwikpower.com\/fr\/produits\/electropompes\/degout\/100b27-5\/","title":{"rendered":"100B27.5"},"content":{"rendered":"","protected":false},"excerpt":{"rendered":"<p>La turbine vortex est situ\u00e9e \u00e0 l&rsquo;ext\u00e9rieur de la volute : ainsi, toute mati\u00e8re solide qui pourrait p\u00e9n\u00e9trer dans l&rsquo;aspiration est en mesure de passent \u00e0 travers le bo\u00eetier par l&rsquo;effet de vortex. La garniture m\u00e9canique Sic a une grande r\u00e9sistance \u00e0 l&rsquo;usure.<br \/>\nLe syst\u00e8me d&rsquo;entr\u00e9e de c\u00e2ble \u00e9tanche prot\u00e8ge le moteur de l&rsquo;eau et de l&rsquo;humidit\u00e9 en cas de c\u00e2bles endommag\u00e9s et immerg\u00e9s.<br \/>\nLe protecteur thermique int\u00e9gr\u00e9 arr\u00eate automatiquement la pompe en cas de phase ouverte, de court-circuit, de surcharge et de surchauffe..<\/p>\n","protected":false},"featured_media":157453,"comment_status":"closed","ping_status":"open","template":"","meta":{"_acf_changed":false},"product_cat":[1729,1769],"product_tag":[],"class_list":{"0":"post-154191","1":"product","2":"type-product","3":"status-publish","4":"has-post-thumbnail","6":"product_cat-electropompes","7":"product_cat-degout","8":"pa_portata-110-m-h-fr","9":"pa_potenza-massima-7-5-kw-fr","10":"pa_prevalenza-34-30-m-fr","12":"first","13":"instock","14":"product-type-simple"},"acf":[],"_links":{"self":[{"href":"https:\/\/norwikpower.com\/fr\/wp-json\/wp\/v2\/product\/154191"}],"collection":[{"href":"https:\/\/norwikpower.com\/fr\/wp-json\/wp\/v2\/product"}],"about":[{"href":"https:\/\/norwikpower.com\/fr\/wp-json\/wp\/v2\/types\/product"}],"replies":[{"embeddable":true,"href":"https:\/\/norwikpower.com\/fr\/wp-json\/wp\/v2\/comments?post=154191"}],"version-history":[{"count":0,"href":"https:\/\/norwikpower.com\/fr\/wp-json\/wp\/v2\/product\/154191\/revisions"}],"wp:featuredmedia":[{"embeddable":true,"href":"https:\/\/norwikpower.com\/fr\/wp-json\/wp\/v2\/media\/157453"}],"wp:attachment":[{"href":"https:\/\/norwikpower.com\/fr\/wp-json\/wp\/v2\/media?parent=154191"}],"wp:term":[{"taxonomy":"product_cat","embeddable":true,"href":"https:\/\/norwikpower.com\/fr\/wp-json\/wp\/v2\/product_cat?post=154191"},{"taxonomy":"product_tag","embeddable":true,"href":"https:\/\/norwikpower.com\/fr\/wp-json\/wp\/v2\/product_tag?post=154191"}],"curies":[{"name":"wp","href":"https:\/\/api.w.org\/{rel}","templated":true}]}}