{"id":154196,"date":"2025-03-21T17:24:24","date_gmt":"2025-03-21T16:24:24","guid":{"rendered":"https:\/\/norwikpower.com\/prodotti\/non%20class\u00e9\/40g2-75\/"},"modified":"2025-03-21T16:23:49","modified_gmt":"2025-03-21T15:23:49","slug":"40g2-75","status":"publish","type":"product","link":"https:\/\/norwikpower.com\/fr\/produits\/electropompes\/degout\/40g2-75\/","title":{"rendered":"40G2.75"},"content":{"rendered":"","protected":false},"excerpt":{"rendered":"<p>Les pompes submersibles de broyage utilisent un m\u00e9canisme de broyage dans la buse d&rsquo;aspiration pour broyer les r\u00e9sidus solides en fines particules avant de les rejeter.<br \/>\nLes r\u00e9sidus solides sont finement broy\u00e9s par le m\u00e9canisme de broyage int\u00e9gr\u00e9 et \u00e9vacu\u00e9s par une roue \u00e0 tourbillon.<\/p>\n","protected":false},"featured_media":157473,"comment_status":"closed","ping_status":"open","template":"","meta":{"_acf_changed":false},"product_cat":[1729,1769],"product_tag":[],"class_list":{"0":"post-154196","1":"product","2":"type-product","3":"status-publish","4":"has-post-thumbnail","6":"product_cat-electropompes","7":"product_cat-degout","8":"pa_portata-12-m-h-fr","9":"pa_potenza-massima-0-75-kw-fr","10":"pa_prevalenza-15-m-fr","12":"first","13":"instock","14":"product-type-simple"},"acf":[],"_links":{"self":[{"href":"https:\/\/norwikpower.com\/fr\/wp-json\/wp\/v2\/product\/154196"}],"collection":[{"href":"https:\/\/norwikpower.com\/fr\/wp-json\/wp\/v2\/product"}],"about":[{"href":"https:\/\/norwikpower.com\/fr\/wp-json\/wp\/v2\/types\/product"}],"replies":[{"embeddable":true,"href":"https:\/\/norwikpower.com\/fr\/wp-json\/wp\/v2\/comments?post=154196"}],"version-history":[{"count":0,"href":"https:\/\/norwikpower.com\/fr\/wp-json\/wp\/v2\/product\/154196\/revisions"}],"wp:featuredmedia":[{"embeddable":true,"href":"https:\/\/norwikpower.com\/fr\/wp-json\/wp\/v2\/media\/157473"}],"wp:attachment":[{"href":"https:\/\/norwikpower.com\/fr\/wp-json\/wp\/v2\/media?parent=154196"}],"wp:term":[{"taxonomy":"product_cat","embeddable":true,"href":"https:\/\/norwikpower.com\/fr\/wp-json\/wp\/v2\/product_cat?post=154196"},{"taxonomy":"product_tag","embeddable":true,"href":"https:\/\/norwikpower.com\/fr\/wp-json\/wp\/v2\/product_tag?post=154196"}],"curies":[{"name":"wp","href":"https:\/\/api.w.org\/{rel}","templated":true}]}}