{"id":154202,"date":"2025-03-21T17:24:36","date_gmt":"2025-03-21T16:24:36","guid":{"rendered":"https:\/\/norwikpower.com\/prodotti\/non%20class\u00e9\/50g23-7\/"},"modified":"2025-03-21T16:23:55","modified_gmt":"2025-03-21T15:23:55","slug":"50g23-7","status":"publish","type":"product","link":"https:\/\/norwikpower.com\/fr\/produits\/electropompes\/degout\/50g23-7\/","title":{"rendered":"50G23.7"},"content":{"rendered":"","protected":false},"excerpt":{"rendered":"<p>Les pompes submersibles de broyage utilisent un m\u00e9canisme de broyage dans la buse d&rsquo;aspiration pour broyer les r\u00e9sidus solides en fines particules avant de les rejeter.<br \/>\nLes r\u00e9sidus solides sont finement broy\u00e9s par le m\u00e9canisme de broyage int\u00e9gr\u00e9 et \u00e9vacu\u00e9s par une roue \u00e0 tourbillon.<\/p>\n","protected":false},"featured_media":157497,"comment_status":"closed","ping_status":"open","template":"","meta":{"_acf_changed":false},"product_cat":[1729,1769],"product_tag":[],"class_list":{"0":"post-154202","1":"product","2":"type-product","3":"status-publish","4":"has-post-thumbnail","6":"product_cat-electropompes","7":"product_cat-degout","8":"pa_portata-25-m-h-fr","9":"pa_potenza-massima-3-7-kw-fr","10":"pa_prevalenza-30-m-fr","12":"first","13":"instock","14":"product-type-simple"},"acf":[],"_links":{"self":[{"href":"https:\/\/norwikpower.com\/fr\/wp-json\/wp\/v2\/product\/154202"}],"collection":[{"href":"https:\/\/norwikpower.com\/fr\/wp-json\/wp\/v2\/product"}],"about":[{"href":"https:\/\/norwikpower.com\/fr\/wp-json\/wp\/v2\/types\/product"}],"replies":[{"embeddable":true,"href":"https:\/\/norwikpower.com\/fr\/wp-json\/wp\/v2\/comments?post=154202"}],"version-history":[{"count":0,"href":"https:\/\/norwikpower.com\/fr\/wp-json\/wp\/v2\/product\/154202\/revisions"}],"wp:featuredmedia":[{"embeddable":true,"href":"https:\/\/norwikpower.com\/fr\/wp-json\/wp\/v2\/media\/157497"}],"wp:attachment":[{"href":"https:\/\/norwikpower.com\/fr\/wp-json\/wp\/v2\/media?parent=154202"}],"wp:term":[{"taxonomy":"product_cat","embeddable":true,"href":"https:\/\/norwikpower.com\/fr\/wp-json\/wp\/v2\/product_cat?post=154202"},{"taxonomy":"product_tag","embeddable":true,"href":"https:\/\/norwikpower.com\/fr\/wp-json\/wp\/v2\/product_tag?post=154202"}],"curies":[{"name":"wp","href":"https:\/\/api.w.org\/{rel}","templated":true}]}}