{"id":154208,"date":"2025-03-21T17:24:48","date_gmt":"2025-03-21T16:24:48","guid":{"rendered":"https:\/\/norwikpower.com\/prodotti\/non%20class\u00e9\/krs-1\/"},"modified":"2025-03-21T16:23:59","modified_gmt":"2025-03-21T15:23:59","slug":"krs-1","status":"publish","type":"product","link":"https:\/\/norwikpower.com\/fr\/produits\/pressostats\/krs-1\/","title":{"rendered":"KRS-1"},"content":{"rendered":"","protected":false},"excerpt":{"rendered":"<p>Pressostat m\u00e9canique utilis\u00e9 dans les syst\u00e8mes d&rsquo;eau. Il d\u00e9marre et arr\u00eate automatiquement la pompe \u00e0 eau en fonction de la pression pr\u00e9r\u00e9gl\u00e9e.<\/p>\n","protected":false},"featured_media":157521,"comment_status":"closed","ping_status":"open","template":"","meta":{"_acf_changed":false},"product_cat":[2121],"product_tag":[],"class_list":{"0":"post-154208","1":"product","2":"type-product","3":"status-publish","4":"has-post-thumbnail","6":"product_cat-pressostats","7":"pa_potenza-massima-1-1-kw-fr","9":"first","10":"instock","11":"product-type-simple"},"acf":[],"_links":{"self":[{"href":"https:\/\/norwikpower.com\/fr\/wp-json\/wp\/v2\/product\/154208"}],"collection":[{"href":"https:\/\/norwikpower.com\/fr\/wp-json\/wp\/v2\/product"}],"about":[{"href":"https:\/\/norwikpower.com\/fr\/wp-json\/wp\/v2\/types\/product"}],"replies":[{"embeddable":true,"href":"https:\/\/norwikpower.com\/fr\/wp-json\/wp\/v2\/comments?post=154208"}],"version-history":[{"count":0,"href":"https:\/\/norwikpower.com\/fr\/wp-json\/wp\/v2\/product\/154208\/revisions"}],"wp:featuredmedia":[{"embeddable":true,"href":"https:\/\/norwikpower.com\/fr\/wp-json\/wp\/v2\/media\/157521"}],"wp:attachment":[{"href":"https:\/\/norwikpower.com\/fr\/wp-json\/wp\/v2\/media?parent=154208"}],"wp:term":[{"taxonomy":"product_cat","embeddable":true,"href":"https:\/\/norwikpower.com\/fr\/wp-json\/wp\/v2\/product_cat?post=154208"},{"taxonomy":"product_tag","embeddable":true,"href":"https:\/\/norwikpower.com\/fr\/wp-json\/wp\/v2\/product_tag?post=154208"}],"curies":[{"name":"wp","href":"https:\/\/api.w.org\/{rel}","templated":true}]}}