{"id":154213,"date":"2025-03-21T17:24:54","date_gmt":"2025-03-21T16:24:54","guid":{"rendered":"https:\/\/norwikpower.com\/prodotti\/non%20class\u00e9\/fps-3\/"},"modified":"2025-03-21T16:24:01","modified_gmt":"2025-03-21T15:24:01","slug":"fps-3","status":"publish","type":"product","link":"https:\/\/norwikpower.com\/fr\/produits\/accessoires\/fps-3\/","title":{"rendered":"FPS-3"},"content":{"rendered":"","protected":false},"excerpt":{"rendered":"<p>L&rsquo;interrupteur \u00e0 flotteur, reli\u00e9 \u00e0 une pompe \u00e9lectrique par un c\u00e2ble \u00e9lectrique, est utilis\u00e9 pour le contr\u00f4le automatique des niveaux d&rsquo;eau dans les r\u00e9servoirs et les piscines.<br \/>\nFixez le contrepoids au c\u00e2ble d&rsquo;alimentation pour contr\u00f4ler le niveau d&rsquo;eau. (Le contrepoids n&rsquo;est fourni que sur demande).<br \/>\nConnectez le c\u00e2ble d&rsquo;alimentation de l&rsquo;\u00e9lectropompe et fixez-le \u00e0 l&rsquo;int\u00e9rieur du r\u00e9servoir d&rsquo;eau.<br \/>\nLa longueur de la section du c\u00e2ble entre le point d&rsquo;attache du dispositif et le corps du dispositif d\u00e9termine le niveau d&rsquo;eau.<br \/>\nLa borne du c\u00e2ble \u00e9lectrique ne doit jamais \u00eatre immerg\u00e9e dans l&rsquo;eau pendant l&rsquo;installation.<\/p>\n","protected":false},"featured_media":157553,"comment_status":"closed","ping_status":"open","template":"","meta":{"_acf_changed":false},"product_cat":[1773],"product_tag":[],"class_list":{"0":"post-154213","1":"product","2":"type-product","3":"status-publish","4":"has-post-thumbnail","6":"product_cat-accessoires","8":"first","9":"instock","10":"product-type-simple"},"acf":[],"_links":{"self":[{"href":"https:\/\/norwikpower.com\/fr\/wp-json\/wp\/v2\/product\/154213"}],"collection":[{"href":"https:\/\/norwikpower.com\/fr\/wp-json\/wp\/v2\/product"}],"about":[{"href":"https:\/\/norwikpower.com\/fr\/wp-json\/wp\/v2\/types\/product"}],"replies":[{"embeddable":true,"href":"https:\/\/norwikpower.com\/fr\/wp-json\/wp\/v2\/comments?post=154213"}],"version-history":[{"count":0,"href":"https:\/\/norwikpower.com\/fr\/wp-json\/wp\/v2\/product\/154213\/revisions"}],"wp:featuredmedia":[{"embeddable":true,"href":"https:\/\/norwikpower.com\/fr\/wp-json\/wp\/v2\/media\/157553"}],"wp:attachment":[{"href":"https:\/\/norwikpower.com\/fr\/wp-json\/wp\/v2\/media?parent=154213"}],"wp:term":[{"taxonomy":"product_cat","embeddable":true,"href":"https:\/\/norwikpower.com\/fr\/wp-json\/wp\/v2\/product_cat?post=154213"},{"taxonomy":"product_tag","embeddable":true,"href":"https:\/\/norwikpower.com\/fr\/wp-json\/wp\/v2\/product_tag?post=154213"}],"curies":[{"name":"wp","href":"https:\/\/api.w.org\/{rel}","templated":true}]}}