{"id":154393,"date":"2025-03-21T17:33:26","date_gmt":"2025-03-21T16:33:26","guid":{"rendered":"https:\/\/norwikpower.com\/prodotti\/non%20class\u00e9\/3-ac-dc-ss-impeller\/"},"modified":"2025-03-21T16:26:42","modified_gmt":"2025-03-21T15:26:42","slug":"3-ac-dc-ss-impeller","status":"publish","type":"product","link":"https:\/\/norwikpower.com\/fr\/produits\/pompes-solaires\/3-ac-dc-ss-impeller\/","title":{"rendered":"3&Prime; AC\/DC SS IMPELLER"},"content":{"rendered":"","protected":false},"excerpt":{"rendered":"<p>Les pompes solaires fonctionnent en utilisant l\u2019\u00e9nergie solaire et garantissent une haute performance bien qu\u2019elles soient de petite taille.<br \/>\nLe contr\u00f4leur MPPT permet \u00e0 la pompe de d\u00e9marrer et de s\u2019arr\u00eater de mani\u00e8re autonome.<\/p>\n","protected":false},"featured_media":158673,"comment_status":"closed","ping_status":"open","template":"","meta":{"_acf_changed":false},"product_cat":[1943],"product_tag":[],"class_list":{"0":"post-154393","1":"product","2":"type-product","3":"status-publish","4":"has-post-thumbnail","6":"product_cat-pompes-solaires","8":"first","9":"instock","10":"product-type-simple"},"acf":[],"_links":{"self":[{"href":"https:\/\/norwikpower.com\/fr\/wp-json\/wp\/v2\/product\/154393"}],"collection":[{"href":"https:\/\/norwikpower.com\/fr\/wp-json\/wp\/v2\/product"}],"about":[{"href":"https:\/\/norwikpower.com\/fr\/wp-json\/wp\/v2\/types\/product"}],"replies":[{"embeddable":true,"href":"https:\/\/norwikpower.com\/fr\/wp-json\/wp\/v2\/comments?post=154393"}],"version-history":[{"count":0,"href":"https:\/\/norwikpower.com\/fr\/wp-json\/wp\/v2\/product\/154393\/revisions"}],"wp:featuredmedia":[{"embeddable":true,"href":"https:\/\/norwikpower.com\/fr\/wp-json\/wp\/v2\/media\/158673"}],"wp:attachment":[{"href":"https:\/\/norwikpower.com\/fr\/wp-json\/wp\/v2\/media?parent=154393"}],"wp:term":[{"taxonomy":"product_cat","embeddable":true,"href":"https:\/\/norwikpower.com\/fr\/wp-json\/wp\/v2\/product_cat?post=154393"},{"taxonomy":"product_tag","embeddable":true,"href":"https:\/\/norwikpower.com\/fr\/wp-json\/wp\/v2\/product_tag?post=154393"}],"curies":[{"name":"wp","href":"https:\/\/api.w.org\/{rel}","templated":true}]}}