{"id":154416,"date":"2025-03-21T17:34:16","date_gmt":"2025-03-21T16:34:16","guid":{"rendered":"https:\/\/norwikpower.com\/prodotti\/non%20class\u00e9\/3wf-14b\/"},"modified":"2025-03-21T16:27:00","modified_gmt":"2025-03-21T15:27:00","slug":"3wf-14b-2","status":"publish","type":"product","link":"https:\/\/norwikpower.com\/fr\/produits\/sprayer-fr\/3wf-14b-2\/","title":{"rendered":"3WF-14B"},"content":{"rendered":"","protected":false},"excerpt":{"rendered":"<p>C\u2019est un produit polyvalent, pratique, confortable et ergonomique. Il peut \u00eatre utilis\u00e9 \u00e0 la fois dans l\u2019agriculture pour la pulv\u00e9risation de pesticides et dans les jardins pour les soins et la protection des plantes. Convient \u00e9galement aux travaux d\u2019irrigation, de fertilisation et pour une utilisation prolong\u00e9e.<\/p>\n","protected":false},"featured_media":158773,"comment_status":"closed","ping_status":"open","template":"","meta":{"_acf_changed":false},"product_cat":[1953],"product_tag":[],"class_list":{"0":"post-154416","1":"product","2":"type-product","3":"status-publish","4":"has-post-thumbnail","6":"product_cat-sprayer-fr","7":"pa_cilindrata-51-7-cc-fr","8":"pa_giri-6500-rpm-fr","9":"pa_potenza-massima-1-5-kw-fr","11":"first","12":"instock","13":"product-type-simple"},"acf":[],"_links":{"self":[{"href":"https:\/\/norwikpower.com\/fr\/wp-json\/wp\/v2\/product\/154416"}],"collection":[{"href":"https:\/\/norwikpower.com\/fr\/wp-json\/wp\/v2\/product"}],"about":[{"href":"https:\/\/norwikpower.com\/fr\/wp-json\/wp\/v2\/types\/product"}],"replies":[{"embeddable":true,"href":"https:\/\/norwikpower.com\/fr\/wp-json\/wp\/v2\/comments?post=154416"}],"version-history":[{"count":0,"href":"https:\/\/norwikpower.com\/fr\/wp-json\/wp\/v2\/product\/154416\/revisions"}],"wp:featuredmedia":[{"embeddable":true,"href":"https:\/\/norwikpower.com\/fr\/wp-json\/wp\/v2\/media\/158773"}],"wp:attachment":[{"href":"https:\/\/norwikpower.com\/fr\/wp-json\/wp\/v2\/media?parent=154416"}],"wp:term":[{"taxonomy":"product_cat","embeddable":true,"href":"https:\/\/norwikpower.com\/fr\/wp-json\/wp\/v2\/product_cat?post=154416"},{"taxonomy":"product_tag","embeddable":true,"href":"https:\/\/norwikpower.com\/fr\/wp-json\/wp\/v2\/product_tag?post=154416"}],"curies":[{"name":"wp","href":"https:\/\/api.w.org\/{rel}","templated":true}]}}