{"id":154420,"date":"2025-03-21T17:34:28","date_gmt":"2025-03-21T16:34:28","guid":{"rendered":"https:\/\/norwikpower.com\/prodotti\/non%20class\u00e9\/aps-2-1\/"},"modified":"2025-03-21T16:27:09","modified_gmt":"2025-03-21T15:27:09","slug":"aps-2-1-2","status":"publish","type":"product","link":"https:\/\/norwikpower.com\/fr\/produits\/pressostats\/aps-2-1-2\/","title":{"rendered":"APS-2.1"},"content":{"rendered":"","protected":false},"excerpt":{"rendered":"<p>Pressostat \u00e9lectronique utilis\u00e9 dans les syst\u00e8mes d&rsquo;eau. Il d\u00e9marre automatiquement l&rsquo;\u00e9lectropompe apr\u00e8s une r\u00e9duction de la pression (ouverture des robinets) et l&rsquo;arr\u00eate lorsque le d\u00e9bit du fluide s&rsquo;arr\u00eate au niveau de pression maximum de l&rsquo;\u00e9lectropompe (robinets ferm\u00e9s). Remplace compl\u00e8tement le syst\u00e8me traditionnel de contr\u00f4le de la pompe compos\u00e9 d&rsquo;un pressostat m\u00e9canique, d&rsquo;un r\u00e9servoir sous pression, d&rsquo;un clapet anti-retour, etc.<br \/>\nArr\u00eate la pompe \u00e0 eau en cas de manque d&rsquo;eau.<\/p>\n","protected":false},"featured_media":158817,"comment_status":"closed","ping_status":"open","template":"","meta":{"_acf_changed":false},"product_cat":[2121],"product_tag":[],"class_list":{"0":"post-154420","1":"product","2":"type-product","3":"status-publish","4":"has-post-thumbnail","6":"product_cat-pressostats","7":"pa_potenza-massima-075-kw-15-kw-fr","9":"first","10":"instock","11":"product-type-simple"},"acf":[],"_links":{"self":[{"href":"https:\/\/norwikpower.com\/fr\/wp-json\/wp\/v2\/product\/154420"}],"collection":[{"href":"https:\/\/norwikpower.com\/fr\/wp-json\/wp\/v2\/product"}],"about":[{"href":"https:\/\/norwikpower.com\/fr\/wp-json\/wp\/v2\/types\/product"}],"replies":[{"embeddable":true,"href":"https:\/\/norwikpower.com\/fr\/wp-json\/wp\/v2\/comments?post=154420"}],"version-history":[{"count":0,"href":"https:\/\/norwikpower.com\/fr\/wp-json\/wp\/v2\/product\/154420\/revisions"}],"wp:featuredmedia":[{"embeddable":true,"href":"https:\/\/norwikpower.com\/fr\/wp-json\/wp\/v2\/media\/158817"}],"wp:attachment":[{"href":"https:\/\/norwikpower.com\/fr\/wp-json\/wp\/v2\/media?parent=154420"}],"wp:term":[{"taxonomy":"product_cat","embeddable":true,"href":"https:\/\/norwikpower.com\/fr\/wp-json\/wp\/v2\/product_cat?post=154420"},{"taxonomy":"product_tag","embeddable":true,"href":"https:\/\/norwikpower.com\/fr\/wp-json\/wp\/v2\/product_tag?post=154420"}],"curies":[{"name":"wp","href":"https:\/\/api.w.org\/{rel}","templated":true}]}}