{"id":154441,"date":"2025-03-21T17:35:15","date_gmt":"2025-03-21T16:35:15","guid":{"rendered":"https:\/\/norwikpower.com\/prodotti\/non%20class\u00e9\/os-45a1n\/"},"modified":"2025-06-20T11:29:16","modified_gmt":"2025-06-20T09:29:16","slug":"os-45a1n-2","status":"publish","type":"product","link":"https:\/\/norwikpower.com\/fr\/produits\/sprayer-fr\/os-45a1n-2\/","title":{"rendered":"NK-45A1N"},"content":{"rendered":"","protected":false},"excerpt":{"rendered":"<p>Irrigateur \u00e0 courroie de taille moyenne \u00e0 grande avec r\u00e9gulateur de pression manuel. Il est g\u00e9n\u00e9ralement utilis\u00e9 comme unit\u00e9 centrale dans des syst\u00e8mes d&rsquo;irrigation avec des tuyaux flexibles haute pression ou des tuyaux en acier inoxydable. Cet irrigateur est id\u00e9al pour les grands jardins, les serres ou les zones montagneuses avec des vergers. Il est \u00e9galement adapt\u00e9 pour puiser l&rsquo;eau dans des rivi\u00e8res \u00e0 faible altitude et la transporter vers des r\u00e9servoirs d&rsquo;eau situ\u00e9s en hauteur.<\/p>\n","protected":false},"featured_media":158945,"comment_status":"closed","ping_status":"closed","template":"","meta":{"_acf_changed":false},"product_cat":[1953],"product_tag":[],"class_list":{"0":"post-154441","1":"product","2":"type-product","3":"status-publish","4":"has-post-thumbnail","6":"product_cat-sprayer-fr","7":"pa_giri-800-1200-rpm-fr","8":"pa_potenza-massima-6-5-7-0-hp-fr","9":"pa_pressione-massima-40-bar-fr","11":"first","12":"instock","13":"product-type-simple"},"acf":[],"_links":{"self":[{"href":"https:\/\/norwikpower.com\/fr\/wp-json\/wp\/v2\/product\/154441"}],"collection":[{"href":"https:\/\/norwikpower.com\/fr\/wp-json\/wp\/v2\/product"}],"about":[{"href":"https:\/\/norwikpower.com\/fr\/wp-json\/wp\/v2\/types\/product"}],"replies":[{"embeddable":true,"href":"https:\/\/norwikpower.com\/fr\/wp-json\/wp\/v2\/comments?post=154441"}],"version-history":[{"count":1,"href":"https:\/\/norwikpower.com\/fr\/wp-json\/wp\/v2\/product\/154441\/revisions"}],"predecessor-version":[{"id":161844,"href":"https:\/\/norwikpower.com\/fr\/wp-json\/wp\/v2\/product\/154441\/revisions\/161844"}],"wp:featuredmedia":[{"embeddable":true,"href":"https:\/\/norwikpower.com\/fr\/wp-json\/wp\/v2\/media\/158945"}],"wp:attachment":[{"href":"https:\/\/norwikpower.com\/fr\/wp-json\/wp\/v2\/media?parent=154441"}],"wp:term":[{"taxonomy":"product_cat","embeddable":true,"href":"https:\/\/norwikpower.com\/fr\/wp-json\/wp\/v2\/product_cat?post=154441"},{"taxonomy":"product_tag","embeddable":true,"href":"https:\/\/norwikpower.com\/fr\/wp-json\/wp\/v2\/product_tag?post=154441"}],"curies":[{"name":"wp","href":"https:\/\/api.w.org\/{rel}","templated":true}]}}